{"id":12366,"date":"2024-03-11T15:25:29","date_gmt":"2024-03-11T14:25:29","guid":{"rendered":"https:\/\/hansa-flex.ch\/careers\/"},"modified":"2024-05-13T19:18:39","modified_gmt":"2024-05-13T17:18:39","slug":"carrieres","status":"publish","type":"page","link":"https:\/\/hansa-flex.ch\/fr\/carrieres\/","title":{"rendered":"Carri\u00e8res"},"content":{"rendered":"\n<p>Chez HANSA-FLEX, nous sommes unis par la passion des machines et de l&#8217;ing\u00e9nierie. Vous \u00eates toujours \u00e0 la recherche de nouveaux d\u00e9fis ? Vous vous int\u00e9ressez \u00e0 l&#8217;ing\u00e9nierie et vous avez la volont\u00e9 inn\u00e9e de tout faire fonctionner ? Alors vous \u00eates au bon endroit. Nous sommes fiers de notre culture de feedback ouvert, de notre forte coh\u00e9sion coll\u00e9giale et de nos t\u00e2ches passionnantes, qui font que le travail &#8211; que ce soit au bureau, dans l&#8217;entrep\u00f4t, dans le d\u00e9partement informatique ou dans l&#8217;atelier &#8211; est plus qu&#8217;un simple travail. C&#8217;est l&#8217;exp\u00e9rience HANSA-FLEX.<\/p>\n","protected":false},"excerpt":{"rendered":"<p>Chez HANSA-FLEX, nous sommes unis par la passion des machines et de l&#8217;ing\u00e9nierie. Vous \u00eates toujours \u00e0 la recherche de nouveaux d\u00e9fis ? Vous vous int\u00e9ressez \u00e0 l&#8217;ing\u00e9nierie et vous avez la volont\u00e9 inn\u00e9e de tout faire fonctionner ? Alors vous \u00eates au bon endroit. Nous sommes fiers de notre culture de feedback ouvert, de [&hellip;]<\/p>\n","protected":false},"author":3,"featured_media":12368,"parent":0,"menu_order":0,"comment_status":"closed","ping_status":"closed","template":"","meta":{"_acf_changed":true,"footnotes":""},"class_list":["post-12366","page","type-page","status-publish","has-post-thumbnail","hentry"],"acf":[],"_links":{"self":[{"href":"https:\/\/hansa-flex.ch\/fr\/wp-json\/wp\/v2\/pages\/12366","targetHints":{"allow":["GET"]}}],"collection":[{"href":"https:\/\/hansa-flex.ch\/fr\/wp-json\/wp\/v2\/pages"}],"about":[{"href":"https:\/\/hansa-flex.ch\/fr\/wp-json\/wp\/v2\/types\/page"}],"author":[{"embeddable":true,"href":"https:\/\/hansa-flex.ch\/fr\/wp-json\/wp\/v2\/users\/3"}],"replies":[{"embeddable":true,"href":"https:\/\/hansa-flex.ch\/fr\/wp-json\/wp\/v2\/comments?post=12366"}],"version-history":[{"count":0,"href":"https:\/\/hansa-flex.ch\/fr\/wp-json\/wp\/v2\/pages\/12366\/revisions"}],"wp:featuredmedia":[{"embeddable":true,"href":"https:\/\/hansa-flex.ch\/fr\/wp-json\/wp\/v2\/media\/12368"}],"wp:attachment":[{"href":"https:\/\/hansa-flex.ch\/fr\/wp-json\/wp\/v2\/media?parent=12366"}],"curies":[{"name":"wp","href":"https:\/\/api.w.org\/{rel}","templated":true}]}}