{"id":12383,"date":"2024-03-26T15:10:50","date_gmt":"2024-03-26T14:10:50","guid":{"rendered":"https:\/\/hansa-flex.ch\/careers\/application-tips\/"},"modified":"2024-05-13T19:19:56","modified_gmt":"2024-05-13T17:19:56","slug":"conseils-pour-la-candidature","status":"publish","type":"page","link":"https:\/\/hansa-flex.ch\/fr\/carrieres\/conseils-pour-la-candidature\/","title":{"rendered":"Conseils pour la candidature"},"content":{"rendered":"\n<p>Comment poser ma candidature \u00e0 HANSA-FLEX et que se passe-t-il une fois que j&#8217;ai pos\u00e9 ma candidature ? \u00c0 quoi dois-je m&#8217;attendre lors de l&#8217;entretien ou de l&#8217;int\u00e9gration ? Des conseils pr\u00e9cieux pour vous aider \u00e0 r\u00e9ussir votre entretien.<\/p>\n","protected":false},"excerpt":{"rendered":"<p>Comment poser ma candidature \u00e0 HANSA-FLEX et que se passe-t-il une fois que j&#8217;ai pos\u00e9 ma candidature ? \u00c0 quoi dois-je m&#8217;attendre lors de l&#8217;entretien ou de l&#8217;int\u00e9gration ? Des conseils pr\u00e9cieux pour vous aider \u00e0 r\u00e9ussir votre entretien.<\/p>\n","protected":false},"author":3,"featured_media":12384,"parent":12366,"menu_order":0,"comment_status":"closed","ping_status":"closed","template":"","meta":{"_acf_changed":true,"footnotes":""},"class_list":["post-12383","page","type-page","status-publish","has-post-thumbnail","hentry"],"acf":[],"_links":{"self":[{"href":"https:\/\/hansa-flex.ch\/fr\/wp-json\/wp\/v2\/pages\/12383","targetHints":{"allow":["GET"]}}],"collection":[{"href":"https:\/\/hansa-flex.ch\/fr\/wp-json\/wp\/v2\/pages"}],"about":[{"href":"https:\/\/hansa-flex.ch\/fr\/wp-json\/wp\/v2\/types\/page"}],"author":[{"embeddable":true,"href":"https:\/\/hansa-flex.ch\/fr\/wp-json\/wp\/v2\/users\/3"}],"replies":[{"embeddable":true,"href":"https:\/\/hansa-flex.ch\/fr\/wp-json\/wp\/v2\/comments?post=12383"}],"version-history":[{"count":0,"href":"https:\/\/hansa-flex.ch\/fr\/wp-json\/wp\/v2\/pages\/12383\/revisions"}],"up":[{"embeddable":true,"href":"https:\/\/hansa-flex.ch\/fr\/wp-json\/wp\/v2\/pages\/12366"}],"wp:featuredmedia":[{"embeddable":true,"href":"https:\/\/hansa-flex.ch\/fr\/wp-json\/wp\/v2\/media\/12384"}],"wp:attachment":[{"href":"https:\/\/hansa-flex.ch\/fr\/wp-json\/wp\/v2\/media?parent=12383"}],"curies":[{"name":"wp","href":"https:\/\/api.w.org\/{rel}","templated":true}]}}