{"id":12395,"date":"2024-03-26T14:56:38","date_gmt":"2024-03-26T13:56:38","guid":{"rendered":"https:\/\/hansa-flex.ch\/careers\/speculative-applications\/"},"modified":"2024-04-30T18:58:10","modified_gmt":"2024-04-30T16:58:10","slug":"applications-speculatives","status":"publish","type":"page","link":"https:\/\/hansa-flex.ch\/fr\/carrieres\/applications-speculatives\/","title":{"rendered":"Applications sp\u00e9culatives"},"content":{"rendered":"\n<p>Nos c\u0153urs battent pour les machines. Le v\u00f4tre aussi, mais le poste ad\u00e9quat n&#8217;est pas publi\u00e9 ? Alors envoyez-nous une candidature spontan\u00e9e ! Nous relevons chaque jour des d\u00e9fis diff\u00e9rents et veillons avec passion \u00e0 ce que tout fonctionne comme sur des roulettes. C&#8217;est pourquoi nous sommes toujours \u00e0 la recherche de talents engag\u00e9s dans les disciplines les plus diverses.<\/p>\n\n\n\n<p>Vous souhaitez poser votre candidature ? Il vous suffit d&#8217;utiliser notre formulaire en ligne. Nous nous r\u00e9jouissons de votre candidature !<\/p>\n","protected":false},"excerpt":{"rendered":"<p>Nos c\u0153urs battent pour les machines. Le v\u00f4tre aussi, mais le poste ad\u00e9quat n&#8217;est pas publi\u00e9 ? Alors envoyez-nous une candidature spontan\u00e9e ! Nous relevons chaque jour des d\u00e9fis diff\u00e9rents et veillons avec passion \u00e0 ce que tout fonctionne comme sur des roulettes. C&#8217;est pourquoi nous sommes toujours \u00e0 la recherche de talents engag\u00e9s dans [&hellip;]<\/p>\n","protected":false},"author":3,"featured_media":12396,"parent":12366,"menu_order":0,"comment_status":"closed","ping_status":"closed","template":"","meta":{"_acf_changed":true,"footnotes":""},"class_list":["post-12395","page","type-page","status-publish","has-post-thumbnail","hentry"],"acf":[],"_links":{"self":[{"href":"https:\/\/hansa-flex.ch\/fr\/wp-json\/wp\/v2\/pages\/12395","targetHints":{"allow":["GET"]}}],"collection":[{"href":"https:\/\/hansa-flex.ch\/fr\/wp-json\/wp\/v2\/pages"}],"about":[{"href":"https:\/\/hansa-flex.ch\/fr\/wp-json\/wp\/v2\/types\/page"}],"author":[{"embeddable":true,"href":"https:\/\/hansa-flex.ch\/fr\/wp-json\/wp\/v2\/users\/3"}],"replies":[{"embeddable":true,"href":"https:\/\/hansa-flex.ch\/fr\/wp-json\/wp\/v2\/comments?post=12395"}],"version-history":[{"count":0,"href":"https:\/\/hansa-flex.ch\/fr\/wp-json\/wp\/v2\/pages\/12395\/revisions"}],"up":[{"embeddable":true,"href":"https:\/\/hansa-flex.ch\/fr\/wp-json\/wp\/v2\/pages\/12366"}],"wp:featuredmedia":[{"embeddable":true,"href":"https:\/\/hansa-flex.ch\/fr\/wp-json\/wp\/v2\/media\/12396"}],"wp:attachment":[{"href":"https:\/\/hansa-flex.ch\/fr\/wp-json\/wp\/v2\/media?parent=12395"}],"curies":[{"name":"wp","href":"https:\/\/api.w.org\/{rel}","templated":true}]}}