{"id":12407,"date":"2024-03-26T15:25:23","date_gmt":"2024-03-26T14:25:23","guid":{"rendered":"https:\/\/hansa-flex.ch\/careers\/training-and-dual-studies\/"},"modified":"2024-05-13T19:25:21","modified_gmt":"2024-05-13T17:25:21","slug":"formation-et-etudes-en-alternance","status":"publish","type":"page","link":"https:\/\/hansa-flex.ch\/fr\/carrieres\/formation-et-etudes-en-alternance\/","title":{"rendered":"Formation et \u00e9tudes en alternance"},"content":{"rendered":"\n<p>Que vous soyez int\u00e9ress\u00e9 par la formation ou par le programme d&#8217;\u00e9tudes en alternance, nous vous aidons \u00e0 pr\u00e9parer votre carri\u00e8re !<\/p>\n","protected":false},"excerpt":{"rendered":"<p>Que vous soyez int\u00e9ress\u00e9 par la formation ou par le programme d&#8217;\u00e9tudes en alternance, nous vous aidons \u00e0 pr\u00e9parer votre carri\u00e8re !<\/p>\n","protected":false},"author":3,"featured_media":12408,"parent":12366,"menu_order":0,"comment_status":"closed","ping_status":"closed","template":"","meta":{"_acf_changed":true,"footnotes":""},"class_list":["post-12407","page","type-page","status-publish","has-post-thumbnail","hentry"],"acf":[],"_links":{"self":[{"href":"https:\/\/hansa-flex.ch\/fr\/wp-json\/wp\/v2\/pages\/12407","targetHints":{"allow":["GET"]}}],"collection":[{"href":"https:\/\/hansa-flex.ch\/fr\/wp-json\/wp\/v2\/pages"}],"about":[{"href":"https:\/\/hansa-flex.ch\/fr\/wp-json\/wp\/v2\/types\/page"}],"author":[{"embeddable":true,"href":"https:\/\/hansa-flex.ch\/fr\/wp-json\/wp\/v2\/users\/3"}],"replies":[{"embeddable":true,"href":"https:\/\/hansa-flex.ch\/fr\/wp-json\/wp\/v2\/comments?post=12407"}],"version-history":[{"count":0,"href":"https:\/\/hansa-flex.ch\/fr\/wp-json\/wp\/v2\/pages\/12407\/revisions"}],"up":[{"embeddable":true,"href":"https:\/\/hansa-flex.ch\/fr\/wp-json\/wp\/v2\/pages\/12366"}],"wp:featuredmedia":[{"embeddable":true,"href":"https:\/\/hansa-flex.ch\/fr\/wp-json\/wp\/v2\/media\/12408"}],"wp:attachment":[{"href":"https:\/\/hansa-flex.ch\/fr\/wp-json\/wp\/v2\/media?parent=12407"}],"curies":[{"name":"wp","href":"https:\/\/api.w.org\/{rel}","templated":true}]}}