{"id":12419,"date":"2024-03-26T16:27:46","date_gmt":"2024-03-26T15:27:46","guid":{"rendered":"https:\/\/hansa-flex.ch\/careers\/training-and-dual-studies\/application-tips\/"},"modified":"2024-05-13T19:37:02","modified_gmt":"2024-05-13T17:37:02","slug":"conseils-pour-la-candidature","status":"publish","type":"page","link":"https:\/\/hansa-flex.ch\/fr\/carrieres\/formation-et-etudes-en-alternance\/conseils-pour-la-candidature\/","title":{"rendered":"Conseils pour la candidature"},"content":{"rendered":"\n<p>Comment poser ma candidature \u00e0 HANSA-FLEX et que se passe-t-il une fois que j&#8217;ai pos\u00e9 ma candidature ? \u00c0 quoi dois-je m&#8217;attendre lors de l&#8217;entretien ou de l&#8217;int\u00e9gration ? Consultez quelques conseils utiles pour votre candidature.<\/p>\n","protected":false},"excerpt":{"rendered":"<p>Comment poser ma candidature \u00e0 HANSA-FLEX et que se passe-t-il une fois que j&#8217;ai pos\u00e9 ma candidature ? \u00c0 quoi dois-je m&#8217;attendre lors de l&#8217;entretien ou de l&#8217;int\u00e9gration ? Consultez quelques conseils utiles pour votre candidature.<\/p>\n","protected":false},"author":3,"featured_media":12420,"parent":12407,"menu_order":0,"comment_status":"closed","ping_status":"closed","template":"","meta":{"_acf_changed":true,"footnotes":""},"class_list":["post-12419","page","type-page","status-publish","has-post-thumbnail","hentry"],"acf":[],"_links":{"self":[{"href":"https:\/\/hansa-flex.ch\/fr\/wp-json\/wp\/v2\/pages\/12419","targetHints":{"allow":["GET"]}}],"collection":[{"href":"https:\/\/hansa-flex.ch\/fr\/wp-json\/wp\/v2\/pages"}],"about":[{"href":"https:\/\/hansa-flex.ch\/fr\/wp-json\/wp\/v2\/types\/page"}],"author":[{"embeddable":true,"href":"https:\/\/hansa-flex.ch\/fr\/wp-json\/wp\/v2\/users\/3"}],"replies":[{"embeddable":true,"href":"https:\/\/hansa-flex.ch\/fr\/wp-json\/wp\/v2\/comments?post=12419"}],"version-history":[{"count":0,"href":"https:\/\/hansa-flex.ch\/fr\/wp-json\/wp\/v2\/pages\/12419\/revisions"}],"up":[{"embeddable":true,"href":"https:\/\/hansa-flex.ch\/fr\/wp-json\/wp\/v2\/pages\/12407"}],"wp:featuredmedia":[{"embeddable":true,"href":"https:\/\/hansa-flex.ch\/fr\/wp-json\/wp\/v2\/media\/12420"}],"wp:attachment":[{"href":"https:\/\/hansa-flex.ch\/fr\/wp-json\/wp\/v2\/media?parent=12419"}],"curies":[{"name":"wp","href":"https:\/\/api.w.org\/{rel}","templated":true}]}}