{"id":12431,"date":"2024-03-26T15:44:12","date_gmt":"2024-03-26T14:44:12","guid":{"rendered":"https:\/\/hansa-flex.ch\/careers\/training-and-dual-studies\/commercial-training\/"},"modified":"2024-05-13T19:42:26","modified_gmt":"2024-05-13T17:42:26","slug":"formation-commerciale","status":"publish","type":"page","link":"https:\/\/hansa-flex.ch\/fr\/carrieres\/formation-et-etudes-en-alternance\/formation-commerciale\/","title":{"rendered":"Formation commerciale"},"content":{"rendered":"\n<p>Le commerce de gros et ext\u00e9rieur, la gestion de bureau, les ressources humaines ou la communication marketing ne sont que quelques-uns des services avec lesquels vous serez en contact au cours de votre formation d&#8217;employ\u00e9 de commerce. Vous aimez coordonner des rendez-vous, d\u00e9velopper des concepts de communication et garder un \u0153il sur tout ? Vous \u00eates \u00e0 la bonne adresse ! Les experts en communication et en organisation sont chez nous comme chez eux.<\/p>\n","protected":false},"excerpt":{"rendered":"<p>Le commerce de gros et ext\u00e9rieur, la gestion de bureau, les ressources humaines ou la communication marketing ne sont que quelques-uns des services avec lesquels vous serez en contact au cours de votre formation d&#8217;employ\u00e9 de commerce. Vous aimez coordonner des rendez-vous, d\u00e9velopper des concepts de communication et garder un \u0153il sur tout ? Vous [&hellip;]<\/p>\n","protected":false},"author":3,"featured_media":12432,"parent":12407,"menu_order":0,"comment_status":"closed","ping_status":"closed","template":"","meta":{"_acf_changed":true,"footnotes":""},"class_list":["post-12431","page","type-page","status-publish","has-post-thumbnail","hentry"],"acf":[],"_links":{"self":[{"href":"https:\/\/hansa-flex.ch\/fr\/wp-json\/wp\/v2\/pages\/12431","targetHints":{"allow":["GET"]}}],"collection":[{"href":"https:\/\/hansa-flex.ch\/fr\/wp-json\/wp\/v2\/pages"}],"about":[{"href":"https:\/\/hansa-flex.ch\/fr\/wp-json\/wp\/v2\/types\/page"}],"author":[{"embeddable":true,"href":"https:\/\/hansa-flex.ch\/fr\/wp-json\/wp\/v2\/users\/3"}],"replies":[{"embeddable":true,"href":"https:\/\/hansa-flex.ch\/fr\/wp-json\/wp\/v2\/comments?post=12431"}],"version-history":[{"count":0,"href":"https:\/\/hansa-flex.ch\/fr\/wp-json\/wp\/v2\/pages\/12431\/revisions"}],"up":[{"embeddable":true,"href":"https:\/\/hansa-flex.ch\/fr\/wp-json\/wp\/v2\/pages\/12407"}],"wp:featuredmedia":[{"embeddable":true,"href":"https:\/\/hansa-flex.ch\/fr\/wp-json\/wp\/v2\/media\/12432"}],"wp:attachment":[{"href":"https:\/\/hansa-flex.ch\/fr\/wp-json\/wp\/v2\/media?parent=12431"}],"curies":[{"name":"wp","href":"https:\/\/api.w.org\/{rel}","templated":true}]}}