{"id":12443,"date":"2024-03-26T16:19:04","date_gmt":"2024-03-26T15:19:04","guid":{"rendered":"https:\/\/hansa-flex.ch\/careers\/training-and-dual-studies\/dual-studies\/"},"modified":"2024-05-13T20:06:20","modified_gmt":"2024-05-13T18:06:20","slug":"double-cursus","status":"publish","type":"page","link":"https:\/\/hansa-flex.ch\/fr\/carrieres\/formation-et-etudes-en-alternance\/double-cursus\/","title":{"rendered":"Double cursus"},"content":{"rendered":"\n<p>Vous souhaitez acqu\u00e9rir une exp\u00e9rience professionnelle et mettre directement en pratique vos comp\u00e9tences tout en approfondissant la mati\u00e8re ? Dans ce cas, nos formations en alternance sont faites pour vous ! Les \u00e9tudes \u00e0 HANSA-FLEX en gestion d&#8217;entreprise, en informatique, en g\u00e9nie industriel ou en g\u00e9nie m\u00e9canique offrent une vari\u00e9t\u00e9 de cours et de stages reconnus au niveau international.<\/p>\n","protected":false},"excerpt":{"rendered":"<p>Vous souhaitez acqu\u00e9rir une exp\u00e9rience professionnelle et mettre directement en pratique vos comp\u00e9tences tout en approfondissant la mati\u00e8re ? Dans ce cas, nos formations en alternance sont faites pour vous ! Les \u00e9tudes \u00e0 HANSA-FLEX en gestion d&#8217;entreprise, en informatique, en g\u00e9nie industriel ou en g\u00e9nie m\u00e9canique offrent une vari\u00e9t\u00e9 de cours et de stages [&hellip;]<\/p>\n","protected":false},"author":3,"featured_media":12408,"parent":12407,"menu_order":0,"comment_status":"closed","ping_status":"closed","template":"","meta":{"_acf_changed":true,"footnotes":""},"class_list":["post-12443","page","type-page","status-publish","has-post-thumbnail","hentry"],"acf":[],"_links":{"self":[{"href":"https:\/\/hansa-flex.ch\/fr\/wp-json\/wp\/v2\/pages\/12443","targetHints":{"allow":["GET"]}}],"collection":[{"href":"https:\/\/hansa-flex.ch\/fr\/wp-json\/wp\/v2\/pages"}],"about":[{"href":"https:\/\/hansa-flex.ch\/fr\/wp-json\/wp\/v2\/types\/page"}],"author":[{"embeddable":true,"href":"https:\/\/hansa-flex.ch\/fr\/wp-json\/wp\/v2\/users\/3"}],"replies":[{"embeddable":true,"href":"https:\/\/hansa-flex.ch\/fr\/wp-json\/wp\/v2\/comments?post=12443"}],"version-history":[{"count":0,"href":"https:\/\/hansa-flex.ch\/fr\/wp-json\/wp\/v2\/pages\/12443\/revisions"}],"up":[{"embeddable":true,"href":"https:\/\/hansa-flex.ch\/fr\/wp-json\/wp\/v2\/pages\/12407"}],"wp:featuredmedia":[{"embeddable":true,"href":"https:\/\/hansa-flex.ch\/fr\/wp-json\/wp\/v2\/media\/12408"}],"wp:attachment":[{"href":"https:\/\/hansa-flex.ch\/fr\/wp-json\/wp\/v2\/media?parent=12443"}],"curies":[{"name":"wp","href":"https:\/\/api.w.org\/{rel}","templated":true}]}}