{"id":12468,"date":"2024-03-26T15:53:11","date_gmt":"2024-03-26T14:53:11","guid":{"rendered":"https:\/\/hansa-flex.ch\/careers\/training-and-dual-studies\/mechanics-and-workshop\/"},"modified":"2024-05-13T20:09:20","modified_gmt":"2024-05-13T18:09:20","slug":"mecanique-et-atelier","status":"publish","type":"page","link":"https:\/\/hansa-flex.ch\/fr\/carrieres\/formation-et-etudes-en-alternance\/mecanique-et-atelier\/","title":{"rendered":"M\u00e9canique et atelier"},"content":{"rendered":"\n<p>Vous avez une passion pour les machines et un talent naturel pour le bricolage, la construction et le per\u00e7age ? Alors nos formations de sp\u00e9cialiste en technologie des m\u00e9taux et de m\u00e9canicien industriel, ou nos formations continues en technologie des services sont exactement ce qu&#8217;il vous faut ! Vous pouvez vous attendre \u00e0 une culture de feedback ouverte, \u00e0 des t\u00e2ches passionnantes et \u00e0 une forte camaraderie qui constituent la base de notre \u00e9quipe. La flexibilit\u00e9 et le sens de l&#8217;aventure sont des qualit\u00e9s essentielles, car nous travaillons souvent \u00e0 l&#8217;ext\u00e9rieur avec le Rapid Hydraulic Service.<\/p>\n","protected":false},"excerpt":{"rendered":"<p>Vous avez une passion pour les machines et un talent naturel pour le bricolage, la construction et le per\u00e7age ? Alors nos formations de sp\u00e9cialiste en technologie des m\u00e9taux et de m\u00e9canicien industriel, ou nos formations continues en technologie des services sont exactement ce qu&#8217;il vous faut ! Vous pouvez vous attendre \u00e0 une culture [&hellip;]<\/p>\n","protected":false},"author":3,"featured_media":12469,"parent":12407,"menu_order":0,"comment_status":"closed","ping_status":"closed","template":"","meta":{"_acf_changed":true,"footnotes":""},"class_list":["post-12468","page","type-page","status-publish","has-post-thumbnail","hentry"],"acf":[],"_links":{"self":[{"href":"https:\/\/hansa-flex.ch\/fr\/wp-json\/wp\/v2\/pages\/12468","targetHints":{"allow":["GET"]}}],"collection":[{"href":"https:\/\/hansa-flex.ch\/fr\/wp-json\/wp\/v2\/pages"}],"about":[{"href":"https:\/\/hansa-flex.ch\/fr\/wp-json\/wp\/v2\/types\/page"}],"author":[{"embeddable":true,"href":"https:\/\/hansa-flex.ch\/fr\/wp-json\/wp\/v2\/users\/3"}],"replies":[{"embeddable":true,"href":"https:\/\/hansa-flex.ch\/fr\/wp-json\/wp\/v2\/comments?post=12468"}],"version-history":[{"count":0,"href":"https:\/\/hansa-flex.ch\/fr\/wp-json\/wp\/v2\/pages\/12468\/revisions"}],"up":[{"embeddable":true,"href":"https:\/\/hansa-flex.ch\/fr\/wp-json\/wp\/v2\/pages\/12407"}],"wp:featuredmedia":[{"embeddable":true,"href":"https:\/\/hansa-flex.ch\/fr\/wp-json\/wp\/v2\/media\/12469"}],"wp:attachment":[{"href":"https:\/\/hansa-flex.ch\/fr\/wp-json\/wp\/v2\/media?parent=12468"}],"curies":[{"name":"wp","href":"https:\/\/api.w.org\/{rel}","templated":true}]}}