{"id":12481,"date":"2024-03-26T16:05:19","date_gmt":"2024-03-26T15:05:19","guid":{"rendered":"https:\/\/hansa-flex.ch\/careers\/training-and-dual-studies\/warehouse-logistics\/"},"modified":"2024-05-13T20:08:23","modified_gmt":"2024-05-13T18:08:23","slug":"logistique-dentrepot","status":"publish","type":"page","link":"https:\/\/hansa-flex.ch\/fr\/carrieres\/formation-et-etudes-en-alternance\/logistique-dentrepot\/","title":{"rendered":"Logistique d&#8217;entrep\u00f4t"},"content":{"rendered":"\n<p>La formation de logisticien d&#8217;entrep\u00f4t est ax\u00e9e sur l&#8217;orientation vers le service et le service global. Vous aimez accompagner les processus du d\u00e9but \u00e0 la fin et travailler directement avec les clients au quotidien ? Dans ce cas, vous \u00eates entre de bonnes mains chez nous, dans le domaine de l&#8217;entreposage et de la logistique. Avec votre \u00e9quipe, vous veillerez \u00e0 ce que tout se passe au mieux chez HANSA-FLEX, du traitement des marchandises entrantes \u00e0 la pr\u00e9paration des commandes, en passant par l&#8217;exp\u00e9dition.<\/p>\n","protected":false},"excerpt":{"rendered":"<p>La formation de logisticien d&#8217;entrep\u00f4t est ax\u00e9e sur l&#8217;orientation vers le service et le service global. Vous aimez accompagner les processus du d\u00e9but \u00e0 la fin et travailler directement avec les clients au quotidien ? Dans ce cas, vous \u00eates entre de bonnes mains chez nous, dans le domaine de l&#8217;entreposage et de la logistique. [&hellip;]<\/p>\n","protected":false},"author":3,"featured_media":12482,"parent":12407,"menu_order":0,"comment_status":"closed","ping_status":"closed","template":"","meta":{"_acf_changed":true,"footnotes":""},"class_list":["post-12481","page","type-page","status-publish","has-post-thumbnail","hentry"],"acf":[],"_links":{"self":[{"href":"https:\/\/hansa-flex.ch\/fr\/wp-json\/wp\/v2\/pages\/12481","targetHints":{"allow":["GET"]}}],"collection":[{"href":"https:\/\/hansa-flex.ch\/fr\/wp-json\/wp\/v2\/pages"}],"about":[{"href":"https:\/\/hansa-flex.ch\/fr\/wp-json\/wp\/v2\/types\/page"}],"author":[{"embeddable":true,"href":"https:\/\/hansa-flex.ch\/fr\/wp-json\/wp\/v2\/users\/3"}],"replies":[{"embeddable":true,"href":"https:\/\/hansa-flex.ch\/fr\/wp-json\/wp\/v2\/comments?post=12481"}],"version-history":[{"count":0,"href":"https:\/\/hansa-flex.ch\/fr\/wp-json\/wp\/v2\/pages\/12481\/revisions"}],"up":[{"embeddable":true,"href":"https:\/\/hansa-flex.ch\/fr\/wp-json\/wp\/v2\/pages\/12407"}],"wp:featuredmedia":[{"embeddable":true,"href":"https:\/\/hansa-flex.ch\/fr\/wp-json\/wp\/v2\/media\/12482"}],"wp:attachment":[{"href":"https:\/\/hansa-flex.ch\/fr\/wp-json\/wp\/v2\/media?parent=12481"}],"curies":[{"name":"wp","href":"https:\/\/api.w.org\/{rel}","templated":true}]}}