{"id":12499,"date":"2024-03-26T11:47:53","date_gmt":"2024-03-26T10:47:53","guid":{"rendered":"https:\/\/hansa-flex.ch\/careers\/work-areas\/"},"modified":"2024-05-13T20:16:15","modified_gmt":"2024-05-13T18:16:15","slug":"zones-de-travail","status":"publish","type":"page","link":"https:\/\/hansa-flex.ch\/fr\/carrieres\/zones-de-travail\/","title":{"rendered":"Zones de travail"},"content":{"rendered":"\n<p>En donnant le meilleur de nous-m\u00eames dans diff\u00e9rents domaines de travail, nous nous assurons que tout se passe bien et que les machines fonctionnent parfaitement, \u00e0 la satisfaction de nos clients. Votre emploi du temps est flexible, vous aimez voyager et vous \u00eates \u00e0 la recherche de nouveaux d\u00e9fis ? Ou pr\u00e9f\u00e9rez-vous garder un \u0153il sur tout et tout coordonner \u00e0 partir d&#8217;un seul endroit ? Que vous soyez int\u00e9ress\u00e9 par l&#8217;ing\u00e9nierie, l&#8217;hydraulique, le marketing ou l&#8217;administration, vous trouverez votre place chez nous.<\/p>\n","protected":false},"excerpt":{"rendered":"<p>En donnant le meilleur de nous-m\u00eames dans diff\u00e9rents domaines de travail, nous nous assurons que tout se passe bien et que les machines fonctionnent parfaitement, \u00e0 la satisfaction de nos clients. Votre emploi du temps est flexible, vous aimez voyager et vous \u00eates \u00e0 la recherche de nouveaux d\u00e9fis ? Ou pr\u00e9f\u00e9rez-vous garder un \u0153il [&hellip;]<\/p>\n","protected":false},"author":3,"featured_media":12500,"parent":12366,"menu_order":0,"comment_status":"closed","ping_status":"closed","template":"","meta":{"_acf_changed":true,"footnotes":""},"class_list":["post-12499","page","type-page","status-publish","has-post-thumbnail","hentry"],"acf":[],"_links":{"self":[{"href":"https:\/\/hansa-flex.ch\/fr\/wp-json\/wp\/v2\/pages\/12499","targetHints":{"allow":["GET"]}}],"collection":[{"href":"https:\/\/hansa-flex.ch\/fr\/wp-json\/wp\/v2\/pages"}],"about":[{"href":"https:\/\/hansa-flex.ch\/fr\/wp-json\/wp\/v2\/types\/page"}],"author":[{"embeddable":true,"href":"https:\/\/hansa-flex.ch\/fr\/wp-json\/wp\/v2\/users\/3"}],"replies":[{"embeddable":true,"href":"https:\/\/hansa-flex.ch\/fr\/wp-json\/wp\/v2\/comments?post=12499"}],"version-history":[{"count":0,"href":"https:\/\/hansa-flex.ch\/fr\/wp-json\/wp\/v2\/pages\/12499\/revisions"}],"up":[{"embeddable":true,"href":"https:\/\/hansa-flex.ch\/fr\/wp-json\/wp\/v2\/pages\/12366"}],"wp:featuredmedia":[{"embeddable":true,"href":"https:\/\/hansa-flex.ch\/fr\/wp-json\/wp\/v2\/media\/12500"}],"wp:attachment":[{"href":"https:\/\/hansa-flex.ch\/fr\/wp-json\/wp\/v2\/media?parent=12499"}],"curies":[{"name":"wp","href":"https:\/\/api.w.org\/{rel}","templated":true}]}}