{"id":12511,"date":"2024-03-26T14:48:38","date_gmt":"2024-03-26T13:48:38","guid":{"rendered":"https:\/\/hansa-flex.ch\/careers\/work-areas\/administration-and-controlling\/"},"modified":"2024-05-13T20:16:00","modified_gmt":"2024-05-13T18:16:00","slug":"administration-et-controle","status":"publish","type":"page","link":"https:\/\/hansa-flex.ch\/fr\/carrieres\/zones-de-travail\/administration-et-controle\/","title":{"rendered":"Administration et contr\u00f4le"},"content":{"rendered":"\n<p>Les rouages de HANSA-FLEX ne fonctionneraient tout simplement plus sans notre \u00e9quipe d\u00e9vou\u00e9e de l&#8217;administration et du contr\u00f4le de gestion. Avec vos coll\u00e8gues, vous contr\u00f4lez nos processus, vous vous occupez de la comptabilit\u00e9 et vous surveillez les chiffres de l&#8217;entreprise. Vous aimez suivre les choses et vous aimez les chiffres ? Vous aimez \u00eatre en contact permanent avec vos coll\u00e8gues et transmettre vos connaissances dans le cadre de formations ? Vous ferez partie de notre \u00e9quipe !<\/p>\n","protected":false},"excerpt":{"rendered":"<p>Les rouages de HANSA-FLEX ne fonctionneraient tout simplement plus sans notre \u00e9quipe d\u00e9vou\u00e9e de l&#8217;administration et du contr\u00f4le de gestion. Avec vos coll\u00e8gues, vous contr\u00f4lez nos processus, vous vous occupez de la comptabilit\u00e9 et vous surveillez les chiffres de l&#8217;entreprise. Vous aimez suivre les choses et vous aimez les chiffres ? Vous aimez \u00eatre en [&hellip;]<\/p>\n","protected":false},"author":3,"featured_media":12512,"parent":12499,"menu_order":0,"comment_status":"closed","ping_status":"closed","template":"","meta":{"_acf_changed":true,"footnotes":""},"class_list":["post-12511","page","type-page","status-publish","has-post-thumbnail","hentry"],"acf":[],"_links":{"self":[{"href":"https:\/\/hansa-flex.ch\/fr\/wp-json\/wp\/v2\/pages\/12511","targetHints":{"allow":["GET"]}}],"collection":[{"href":"https:\/\/hansa-flex.ch\/fr\/wp-json\/wp\/v2\/pages"}],"about":[{"href":"https:\/\/hansa-flex.ch\/fr\/wp-json\/wp\/v2\/types\/page"}],"author":[{"embeddable":true,"href":"https:\/\/hansa-flex.ch\/fr\/wp-json\/wp\/v2\/users\/3"}],"replies":[{"embeddable":true,"href":"https:\/\/hansa-flex.ch\/fr\/wp-json\/wp\/v2\/comments?post=12511"}],"version-history":[{"count":0,"href":"https:\/\/hansa-flex.ch\/fr\/wp-json\/wp\/v2\/pages\/12511\/revisions"}],"up":[{"embeddable":true,"href":"https:\/\/hansa-flex.ch\/fr\/wp-json\/wp\/v2\/pages\/12499"}],"wp:featuredmedia":[{"embeddable":true,"href":"https:\/\/hansa-flex.ch\/fr\/wp-json\/wp\/v2\/media\/12512"}],"wp:attachment":[{"href":"https:\/\/hansa-flex.ch\/fr\/wp-json\/wp\/v2\/media?parent=12511"}],"curies":[{"name":"wp","href":"https:\/\/api.w.org\/{rel}","templated":true}]}}