{"id":12523,"date":"2024-03-26T12:47:11","date_gmt":"2024-03-26T11:47:11","guid":{"rendered":"https:\/\/hansa-flex.ch\/careers\/work-areas\/engineering-and-production\/"},"modified":"2024-05-13T20:20:25","modified_gmt":"2024-05-13T18:20:25","slug":"ingenierie-et-production","status":"publish","type":"page","link":"https:\/\/hansa-flex.ch\/fr\/carrieres\/zones-de-travail\/ingenierie-et-production\/","title":{"rendered":"Ing\u00e9nierie et production"},"content":{"rendered":"\n<p>Sans nos experts en ing\u00e9nierie et en production, tout s&#8217;arr\u00eaterait rapidement. Avec votre \u00e9quipe, vous veillez \u00e0 ce que la qualit\u00e9 de nos produits reste irr\u00e9prochable et \u00e0 ce que nos marchandises puissent \u00eatre approuv\u00e9es sans restriction. Vous avez le sens du d\u00e9tail et souhaitez conna\u00eetre les diff\u00e9rents secteurs de production ? Vous \u00eates \u00e0 la bonne adresse.<\/p>\n","protected":false},"excerpt":{"rendered":"<p>Sans nos experts en ing\u00e9nierie et en production, tout s&#8217;arr\u00eaterait rapidement. Avec votre \u00e9quipe, vous veillez \u00e0 ce que la qualit\u00e9 de nos produits reste irr\u00e9prochable et \u00e0 ce que nos marchandises puissent \u00eatre approuv\u00e9es sans restriction. Vous avez le sens du d\u00e9tail et souhaitez conna\u00eetre les diff\u00e9rents secteurs de production ? Vous \u00eates \u00e0 [&hellip;]<\/p>\n","protected":false},"author":3,"featured_media":12525,"parent":12499,"menu_order":0,"comment_status":"closed","ping_status":"closed","template":"","meta":{"_acf_changed":true,"footnotes":""},"class_list":["post-12523","page","type-page","status-publish","has-post-thumbnail","hentry"],"acf":[],"_links":{"self":[{"href":"https:\/\/hansa-flex.ch\/fr\/wp-json\/wp\/v2\/pages\/12523","targetHints":{"allow":["GET"]}}],"collection":[{"href":"https:\/\/hansa-flex.ch\/fr\/wp-json\/wp\/v2\/pages"}],"about":[{"href":"https:\/\/hansa-flex.ch\/fr\/wp-json\/wp\/v2\/types\/page"}],"author":[{"embeddable":true,"href":"https:\/\/hansa-flex.ch\/fr\/wp-json\/wp\/v2\/users\/3"}],"replies":[{"embeddable":true,"href":"https:\/\/hansa-flex.ch\/fr\/wp-json\/wp\/v2\/comments?post=12523"}],"version-history":[{"count":0,"href":"https:\/\/hansa-flex.ch\/fr\/wp-json\/wp\/v2\/pages\/12523\/revisions"}],"up":[{"embeddable":true,"href":"https:\/\/hansa-flex.ch\/fr\/wp-json\/wp\/v2\/pages\/12499"}],"wp:featuredmedia":[{"embeddable":true,"href":"https:\/\/hansa-flex.ch\/fr\/wp-json\/wp\/v2\/media\/12525"}],"wp:attachment":[{"href":"https:\/\/hansa-flex.ch\/fr\/wp-json\/wp\/v2\/media?parent=12523"}],"curies":[{"name":"wp","href":"https:\/\/api.w.org\/{rel}","templated":true}]}}