{"id":12528,"date":"2024-03-26T14:39:58","date_gmt":"2024-03-26T13:39:58","guid":{"rendered":"https:\/\/hansa-flex.ch\/careers\/work-areas\/it-and-digital\/"},"modified":"2024-05-13T20:18:56","modified_gmt":"2024-05-13T18:18:56","slug":"informatique-et-numerique","status":"publish","type":"page","link":"https:\/\/hansa-flex.ch\/fr\/carrieres\/zones-de-travail\/informatique-et-numerique\/","title":{"rendered":"Informatique et num\u00e9rique"},"content":{"rendered":"\n<p>Gr\u00e2ce \u00e0 votre affinit\u00e9 pour la technologie et \u00e0 votre compr\u00e9hension des syst\u00e8mes d&#8217;exploitation, vous prenez en charge nos processus num\u00e9riques afin de garantir un environnement de travail moderne. Vous aimez d\u00e9velopper de nouveaux syst\u00e8mes et utiliser les applications num\u00e9riques au maximum de leur potentiel et au-del\u00e0 ? Vous aimez bricoler des programmes et aider vos coll\u00e8gues \u00e0 r\u00e9soudre des probl\u00e8mes techniques ? Notre d\u00e9partement informatique est fait pour vous.<\/p>\n","protected":false},"excerpt":{"rendered":"<p>Gr\u00e2ce \u00e0 votre affinit\u00e9 pour la technologie et \u00e0 votre compr\u00e9hension des syst\u00e8mes d&#8217;exploitation, vous prenez en charge nos processus num\u00e9riques afin de garantir un environnement de travail moderne. Vous aimez d\u00e9velopper de nouveaux syst\u00e8mes et utiliser les applications num\u00e9riques au maximum de leur potentiel et au-del\u00e0 ? Vous aimez bricoler des programmes et aider [&hellip;]<\/p>\n","protected":false},"author":3,"featured_media":12531,"parent":12499,"menu_order":0,"comment_status":"closed","ping_status":"closed","template":"","meta":{"_acf_changed":true,"footnotes":""},"class_list":["post-12528","page","type-page","status-publish","has-post-thumbnail","hentry"],"acf":[],"_links":{"self":[{"href":"https:\/\/hansa-flex.ch\/fr\/wp-json\/wp\/v2\/pages\/12528","targetHints":{"allow":["GET"]}}],"collection":[{"href":"https:\/\/hansa-flex.ch\/fr\/wp-json\/wp\/v2\/pages"}],"about":[{"href":"https:\/\/hansa-flex.ch\/fr\/wp-json\/wp\/v2\/types\/page"}],"author":[{"embeddable":true,"href":"https:\/\/hansa-flex.ch\/fr\/wp-json\/wp\/v2\/users\/3"}],"replies":[{"embeddable":true,"href":"https:\/\/hansa-flex.ch\/fr\/wp-json\/wp\/v2\/comments?post=12528"}],"version-history":[{"count":0,"href":"https:\/\/hansa-flex.ch\/fr\/wp-json\/wp\/v2\/pages\/12528\/revisions"}],"up":[{"embeddable":true,"href":"https:\/\/hansa-flex.ch\/fr\/wp-json\/wp\/v2\/pages\/12499"}],"wp:featuredmedia":[{"embeddable":true,"href":"https:\/\/hansa-flex.ch\/fr\/wp-json\/wp\/v2\/media\/12531"}],"wp:attachment":[{"href":"https:\/\/hansa-flex.ch\/fr\/wp-json\/wp\/v2\/media?parent=12528"}],"curies":[{"name":"wp","href":"https:\/\/api.w.org\/{rel}","templated":true}]}}