{"id":12547,"date":"2024-03-26T12:30:41","date_gmt":"2024-03-26T11:30:41","guid":{"rendered":"https:\/\/hansa-flex.ch\/careers\/work-areas\/maintenance-and-service\/"},"modified":"2024-05-13T20:18:19","modified_gmt":"2024-05-13T18:18:19","slug":"entretien-et-service","status":"publish","type":"page","link":"https:\/\/hansa-flex.ch\/fr\/carrieres\/zones-de-travail\/entretien-et-service\/","title":{"rendered":"Entretien et service"},"content":{"rendered":"\n<p>Chez HANSA-FLEX, nous sommes unis par notre passion pour les machines et l&#8217;ing\u00e9nierie. Les syst\u00e8mes hydrauliques, les tuyaux ou les canalisations sont votre sp\u00e9cialit\u00e9 et vous \u00eates \u00e0 la recherche de nouveaux d\u00e9fis ? Alors rejoignez la famille HANSA-FLEX ! Faites l&#8217;exp\u00e9rience de la forte coh\u00e9sion de notre \u00e9quipe, participez \u00e0 une culture de feedback ouvert et prenez en charge des t\u00e2ches passionnantes.<\/p>\n","protected":false},"excerpt":{"rendered":"<p>Chez HANSA-FLEX, nous sommes unis par notre passion pour les machines et l&#8217;ing\u00e9nierie. Les syst\u00e8mes hydrauliques, les tuyaux ou les canalisations sont votre sp\u00e9cialit\u00e9 et vous \u00eates \u00e0 la recherche de nouveaux d\u00e9fis ? Alors rejoignez la famille HANSA-FLEX ! Faites l&#8217;exp\u00e9rience de la forte coh\u00e9sion de notre \u00e9quipe, participez \u00e0 une culture de feedback [&hellip;]<\/p>\n","protected":false},"author":3,"featured_media":12548,"parent":12499,"menu_order":0,"comment_status":"closed","ping_status":"closed","template":"","meta":{"_acf_changed":true,"footnotes":""},"class_list":["post-12547","page","type-page","status-publish","has-post-thumbnail","hentry"],"acf":[],"_links":{"self":[{"href":"https:\/\/hansa-flex.ch\/fr\/wp-json\/wp\/v2\/pages\/12547","targetHints":{"allow":["GET"]}}],"collection":[{"href":"https:\/\/hansa-flex.ch\/fr\/wp-json\/wp\/v2\/pages"}],"about":[{"href":"https:\/\/hansa-flex.ch\/fr\/wp-json\/wp\/v2\/types\/page"}],"author":[{"embeddable":true,"href":"https:\/\/hansa-flex.ch\/fr\/wp-json\/wp\/v2\/users\/3"}],"replies":[{"embeddable":true,"href":"https:\/\/hansa-flex.ch\/fr\/wp-json\/wp\/v2\/comments?post=12547"}],"version-history":[{"count":0,"href":"https:\/\/hansa-flex.ch\/fr\/wp-json\/wp\/v2\/pages\/12547\/revisions"}],"up":[{"embeddable":true,"href":"https:\/\/hansa-flex.ch\/fr\/wp-json\/wp\/v2\/pages\/12499"}],"wp:featuredmedia":[{"embeddable":true,"href":"https:\/\/hansa-flex.ch\/fr\/wp-json\/wp\/v2\/media\/12548"}],"wp:attachment":[{"href":"https:\/\/hansa-flex.ch\/fr\/wp-json\/wp\/v2\/media?parent=12547"}],"curies":[{"name":"wp","href":"https:\/\/api.w.org\/{rel}","templated":true}]}}