{"id":12558,"date":"2024-03-26T14:23:40","date_gmt":"2024-03-26T13:23:40","guid":{"rendered":"https:\/\/hansa-flex.ch\/careers\/work-areas\/marketing-and-sales\/"},"modified":"2024-05-13T20:21:04","modified_gmt":"2024-05-13T18:21:04","slug":"marketing-et-ventes","status":"publish","type":"page","link":"https:\/\/hansa-flex.ch\/fr\/carrieres\/zones-de-travail\/marketing-et-ventes\/","title":{"rendered":"Marketing et ventes"},"content":{"rendered":"\n<p>Vous et vos coll\u00e8gues d\u00e9montrez activement ce qu&#8217;est HANSA-FLEX \u00e0 nos clients existants et nouveaux, et repr\u00e9sentez pleinement la famille HANSA-FLEX \u00e0 l&#8217;ext\u00e9rieur. Vous \u00eates sociable, vous avez le sens du contact avec les clients et vous aimez organiser des apparitions publiques ? Alors vous \u00eates \u00e0 la bonne adresse.<\/p>\n","protected":false},"excerpt":{"rendered":"<p>Vous et vos coll\u00e8gues d\u00e9montrez activement ce qu&#8217;est HANSA-FLEX \u00e0 nos clients existants et nouveaux, et repr\u00e9sentez pleinement la famille HANSA-FLEX \u00e0 l&#8217;ext\u00e9rieur. Vous \u00eates sociable, vous avez le sens du contact avec les clients et vous aimez organiser des apparitions publiques ? Alors vous \u00eates \u00e0 la bonne adresse.<\/p>\n","protected":false},"author":3,"featured_media":12559,"parent":12499,"menu_order":0,"comment_status":"closed","ping_status":"closed","template":"","meta":{"_acf_changed":true,"footnotes":""},"class_list":["post-12558","page","type-page","status-publish","has-post-thumbnail","hentry"],"acf":[],"_links":{"self":[{"href":"https:\/\/hansa-flex.ch\/fr\/wp-json\/wp\/v2\/pages\/12558","targetHints":{"allow":["GET"]}}],"collection":[{"href":"https:\/\/hansa-flex.ch\/fr\/wp-json\/wp\/v2\/pages"}],"about":[{"href":"https:\/\/hansa-flex.ch\/fr\/wp-json\/wp\/v2\/types\/page"}],"author":[{"embeddable":true,"href":"https:\/\/hansa-flex.ch\/fr\/wp-json\/wp\/v2\/users\/3"}],"replies":[{"embeddable":true,"href":"https:\/\/hansa-flex.ch\/fr\/wp-json\/wp\/v2\/comments?post=12558"}],"version-history":[{"count":0,"href":"https:\/\/hansa-flex.ch\/fr\/wp-json\/wp\/v2\/pages\/12558\/revisions"}],"up":[{"embeddable":true,"href":"https:\/\/hansa-flex.ch\/fr\/wp-json\/wp\/v2\/pages\/12499"}],"wp:featuredmedia":[{"embeddable":true,"href":"https:\/\/hansa-flex.ch\/fr\/wp-json\/wp\/v2\/media\/12559"}],"wp:attachment":[{"href":"https:\/\/hansa-flex.ch\/fr\/wp-json\/wp\/v2\/media?parent=12558"}],"curies":[{"name":"wp","href":"https:\/\/api.w.org\/{rel}","templated":true}]}}