{"id":12571,"date":"2024-03-26T12:54:15","date_gmt":"2024-03-26T11:54:15","guid":{"rendered":"https:\/\/hansa-flex.ch\/careers\/work-areas\/warehousing-and-logistics\/"},"modified":"2024-05-13T20:17:39","modified_gmt":"2024-05-13T18:17:39","slug":"entreposage-et-logistique","status":"publish","type":"page","link":"https:\/\/hansa-flex.ch\/fr\/carrieres\/zones-de-travail\/entreposage-et-logistique\/","title":{"rendered":"Entreposage et logistique"},"content":{"rendered":"\n<p>Le service holistique et l&#8217;orientation vers le service sont particuli\u00e8rement importants dans les domaines de l&#8217;entreposage et de la logistique. Vous et votre \u00e9quipe veillez \u00e0 ce que tous les rouages s&#8217;embo\u00eetent, du traitement des marchandises entrantes \u00e0 la pr\u00e9paration des commandes et \u00e0 l&#8217;exp\u00e9dition. Vous aimez avoir l&#8217;\u0153il sur tout et transformer les probl\u00e8mes en solutions ? Nous aussi !<\/p>\n","protected":false},"excerpt":{"rendered":"<p>Le service holistique et l&#8217;orientation vers le service sont particuli\u00e8rement importants dans les domaines de l&#8217;entreposage et de la logistique. Vous et votre \u00e9quipe veillez \u00e0 ce que tous les rouages s&#8217;embo\u00eetent, du traitement des marchandises entrantes \u00e0 la pr\u00e9paration des commandes et \u00e0 l&#8217;exp\u00e9dition. Vous aimez avoir l&#8217;\u0153il sur tout et transformer les probl\u00e8mes [&hellip;]<\/p>\n","protected":false},"author":3,"featured_media":12572,"parent":12499,"menu_order":0,"comment_status":"closed","ping_status":"closed","template":"","meta":{"_acf_changed":true,"footnotes":""},"class_list":["post-12571","page","type-page","status-publish","has-post-thumbnail","hentry"],"acf":[],"_links":{"self":[{"href":"https:\/\/hansa-flex.ch\/fr\/wp-json\/wp\/v2\/pages\/12571","targetHints":{"allow":["GET"]}}],"collection":[{"href":"https:\/\/hansa-flex.ch\/fr\/wp-json\/wp\/v2\/pages"}],"about":[{"href":"https:\/\/hansa-flex.ch\/fr\/wp-json\/wp\/v2\/types\/page"}],"author":[{"embeddable":true,"href":"https:\/\/hansa-flex.ch\/fr\/wp-json\/wp\/v2\/users\/3"}],"replies":[{"embeddable":true,"href":"https:\/\/hansa-flex.ch\/fr\/wp-json\/wp\/v2\/comments?post=12571"}],"version-history":[{"count":0,"href":"https:\/\/hansa-flex.ch\/fr\/wp-json\/wp\/v2\/pages\/12571\/revisions"}],"up":[{"embeddable":true,"href":"https:\/\/hansa-flex.ch\/fr\/wp-json\/wp\/v2\/pages\/12499"}],"wp:featuredmedia":[{"embeddable":true,"href":"https:\/\/hansa-flex.ch\/fr\/wp-json\/wp\/v2\/media\/12572"}],"wp:attachment":[{"href":"https:\/\/hansa-flex.ch\/fr\/wp-json\/wp\/v2\/media?parent=12571"}],"curies":[{"name":"wp","href":"https:\/\/api.w.org\/{rel}","templated":true}]}}