{"id":12582,"date":"2024-03-26T11:40:45","date_gmt":"2024-03-26T10:40:45","guid":{"rendered":"https:\/\/hansa-flex.ch\/careers\/working-at-hansa-flex\/"},"modified":"2024-05-13T20:12:41","modified_gmt":"2024-05-13T18:12:41","slug":"travailler-chez-hansa-flex","status":"publish","type":"page","link":"https:\/\/hansa-flex.ch\/fr\/carrieres\/travailler-chez-hansa-flex\/","title":{"rendered":"Travailler chez HANSA-FLEX"},"content":{"rendered":"\n<p>En tant qu&#8217;entreprise familiale \u00e0 succ\u00e8s international, l&#8217;une de nos principales priorit\u00e9s est de veiller \u00e0 ce que chacun se sente \u00e0 l&#8217;aise dans son travail chez HANSA-FLEX. Vous voulez en savoir plus sur ce que nous offrons et sur vos coll\u00e8gues ? Vous \u00eates d\u00e9j\u00e0 \u00e0 la recherche d&#8217;un nouveau d\u00e9fi dans l&#8217;un de nos sites \u00e0 l&#8217;\u00e9tranger ? Examinez de plus pr\u00e8s les possibilit\u00e9s qui s&#8217;offrent \u00e0 vous.<\/p>\n","protected":false},"excerpt":{"rendered":"<p>En tant qu&#8217;entreprise familiale \u00e0 succ\u00e8s international, l&#8217;une de nos principales priorit\u00e9s est de veiller \u00e0 ce que chacun se sente \u00e0 l&#8217;aise dans son travail chez HANSA-FLEX. Vous voulez en savoir plus sur ce que nous offrons et sur vos coll\u00e8gues ? Vous \u00eates d\u00e9j\u00e0 \u00e0 la recherche d&#8217;un nouveau d\u00e9fi dans l&#8217;un de [&hellip;]<\/p>\n","protected":false},"author":3,"featured_media":12584,"parent":12366,"menu_order":0,"comment_status":"closed","ping_status":"closed","template":"","meta":{"_acf_changed":true,"footnotes":""},"class_list":["post-12582","page","type-page","status-publish","has-post-thumbnail","hentry"],"acf":[],"_links":{"self":[{"href":"https:\/\/hansa-flex.ch\/fr\/wp-json\/wp\/v2\/pages\/12582","targetHints":{"allow":["GET"]}}],"collection":[{"href":"https:\/\/hansa-flex.ch\/fr\/wp-json\/wp\/v2\/pages"}],"about":[{"href":"https:\/\/hansa-flex.ch\/fr\/wp-json\/wp\/v2\/types\/page"}],"author":[{"embeddable":true,"href":"https:\/\/hansa-flex.ch\/fr\/wp-json\/wp\/v2\/users\/3"}],"replies":[{"embeddable":true,"href":"https:\/\/hansa-flex.ch\/fr\/wp-json\/wp\/v2\/comments?post=12582"}],"version-history":[{"count":0,"href":"https:\/\/hansa-flex.ch\/fr\/wp-json\/wp\/v2\/pages\/12582\/revisions"}],"up":[{"embeddable":true,"href":"https:\/\/hansa-flex.ch\/fr\/wp-json\/wp\/v2\/pages\/12366"}],"wp:featuredmedia":[{"embeddable":true,"href":"https:\/\/hansa-flex.ch\/fr\/wp-json\/wp\/v2\/media\/12584"}],"wp:attachment":[{"href":"https:\/\/hansa-flex.ch\/fr\/wp-json\/wp\/v2\/media?parent=12582"}],"curies":[{"name":"wp","href":"https:\/\/api.w.org\/{rel}","templated":true}]}}