{"id":12605,"date":"2024-03-10T21:13:14","date_gmt":"2024-03-10T20:13:14","guid":{"rendered":"https:\/\/hansa-flex.ch\/company\/60-years-of-hansa-flex\/"},"modified":"2024-05-13T20:27:37","modified_gmt":"2024-05-13T18:27:37","slug":"60-ans-de-hansa-flex","status":"publish","type":"page","link":"https:\/\/hansa-flex.ch\/fr\/company\/60-ans-de-hansa-flex\/","title":{"rendered":"60 ans de HANSA-FLEX"},"content":{"rendered":"\n<p>L&#8217;homme d&#8217;affaires br\u00eamois Joachim Armerding a fond\u00e9 l&#8217;entreprise HANSA-FLEX il y a 60 ans dans le garage de sa maison pr\u00e8s de Br\u00eame. Son concept commercial \u00e9tait opportun, sa devise aussi simple qu&#8217;ing\u00e9nieuse : r\u00e9pondez aux souhaits de vos clients plus rapidement, plus souplement et plus compl\u00e8tement que tous vos concurrents et n&#8217;oubliez jamais l&#8217;aspect humain et le plaisir de votre travail. HANSA-FLEX s&#8217;est d\u00e9velopp\u00e9e gr\u00e2ce \u00e0 cette passion, qui est aussi \u00e9vidente aujourd&#8217;hui qu&#8217;elle l&#8217;\u00e9tait \u00e0 l&#8217;\u00e9poque.<\/p>\n","protected":false},"excerpt":{"rendered":"<p>L&#8217;homme d&#8217;affaires br\u00eamois Joachim Armerding a fond\u00e9 l&#8217;entreprise HANSA-FLEX il y a 60 ans dans le garage de sa maison pr\u00e8s de Br\u00eame. Son concept commercial \u00e9tait opportun, sa devise aussi simple qu&#8217;ing\u00e9nieuse : r\u00e9pondez aux souhaits de vos clients plus rapidement, plus souplement et plus compl\u00e8tement que tous vos concurrents et n&#8217;oubliez jamais l&#8217;aspect [&hellip;]<\/p>\n","protected":false},"author":1,"featured_media":12608,"parent":22307,"menu_order":0,"comment_status":"closed","ping_status":"closed","template":"","meta":{"_acf_changed":true,"footnotes":""},"class_list":["post-12605","page","type-page","status-publish","has-post-thumbnail","hentry"],"acf":[],"_links":{"self":[{"href":"https:\/\/hansa-flex.ch\/fr\/wp-json\/wp\/v2\/pages\/12605","targetHints":{"allow":["GET"]}}],"collection":[{"href":"https:\/\/hansa-flex.ch\/fr\/wp-json\/wp\/v2\/pages"}],"about":[{"href":"https:\/\/hansa-flex.ch\/fr\/wp-json\/wp\/v2\/types\/page"}],"author":[{"embeddable":true,"href":"https:\/\/hansa-flex.ch\/fr\/wp-json\/wp\/v2\/users\/1"}],"replies":[{"embeddable":true,"href":"https:\/\/hansa-flex.ch\/fr\/wp-json\/wp\/v2\/comments?post=12605"}],"version-history":[{"count":0,"href":"https:\/\/hansa-flex.ch\/fr\/wp-json\/wp\/v2\/pages\/12605\/revisions"}],"up":[{"embeddable":true,"href":"https:\/\/hansa-flex.ch\/fr\/wp-json\/wp\/v2\/pages\/22307"}],"wp:featuredmedia":[{"embeddable":true,"href":"https:\/\/hansa-flex.ch\/fr\/wp-json\/wp\/v2\/media\/12608"}],"wp:attachment":[{"href":"https:\/\/hansa-flex.ch\/fr\/wp-json\/wp\/v2\/media?parent=12605"}],"curies":[{"name":"wp","href":"https:\/\/api.w.org\/{rel}","templated":true}]}}