{"id":12620,"date":"2024-03-10T16:59:18","date_gmt":"2024-03-10T15:59:18","guid":{"rendered":"https:\/\/hansa-flex.ch\/company\/annual-report\/"},"modified":"2024-05-13T20:35:07","modified_gmt":"2024-05-13T18:35:07","slug":"rapport-annuel","status":"publish","type":"page","link":"https:\/\/hansa-flex.ch\/fr\/company\/rapport-annuel\/","title":{"rendered":"Rapport annuel"},"content":{"rendered":"\n<p>HANSA-FLEX est une entreprise familiale internationale et l&#8217;un des principaux partenaires syst\u00e8me au monde dans le domaine de la technologie des fluides. Au cours du dernier exercice, plus de 4 200 employ\u00e9s dans 40 pays ont r\u00e9alis\u00e9 un chiffre d&#8217;affaires de 570 millions d&#8217;euros. <strong>(2022) <\/strong>et les faits importants concernant HANSA-FLEX AG sont r\u00e9sum\u00e9s en quelques pages : Notre rapport annuel donne une vue d&#8217;ensemble rapide avec de nombreux graphiques compacts.<\/p>\n","protected":false},"excerpt":{"rendered":"<p>HANSA-FLEX est une entreprise familiale internationale et l&#8217;un des principaux partenaires syst\u00e8me au monde dans le domaine de la technologie des fluides. Au cours du dernier exercice, plus de 4 200 employ\u00e9s dans 40 pays ont r\u00e9alis\u00e9 un chiffre d&#8217;affaires de 570 millions d&#8217;euros. (2022) et les faits importants concernant HANSA-FLEX AG sont r\u00e9sum\u00e9s en [&hellip;]<\/p>\n","protected":false},"author":1,"featured_media":12623,"parent":22307,"menu_order":0,"comment_status":"closed","ping_status":"closed","template":"","meta":{"_acf_changed":true,"footnotes":""},"class_list":["post-12620","page","type-page","status-publish","has-post-thumbnail","hentry"],"acf":[],"_links":{"self":[{"href":"https:\/\/hansa-flex.ch\/fr\/wp-json\/wp\/v2\/pages\/12620","targetHints":{"allow":["GET"]}}],"collection":[{"href":"https:\/\/hansa-flex.ch\/fr\/wp-json\/wp\/v2\/pages"}],"about":[{"href":"https:\/\/hansa-flex.ch\/fr\/wp-json\/wp\/v2\/types\/page"}],"author":[{"embeddable":true,"href":"https:\/\/hansa-flex.ch\/fr\/wp-json\/wp\/v2\/users\/1"}],"replies":[{"embeddable":true,"href":"https:\/\/hansa-flex.ch\/fr\/wp-json\/wp\/v2\/comments?post=12620"}],"version-history":[{"count":0,"href":"https:\/\/hansa-flex.ch\/fr\/wp-json\/wp\/v2\/pages\/12620\/revisions"}],"up":[{"embeddable":true,"href":"https:\/\/hansa-flex.ch\/fr\/wp-json\/wp\/v2\/pages\/22307"}],"wp:featuredmedia":[{"embeddable":true,"href":"https:\/\/hansa-flex.ch\/fr\/wp-json\/wp\/v2\/media\/12623"}],"wp:attachment":[{"href":"https:\/\/hansa-flex.ch\/fr\/wp-json\/wp\/v2\/media?parent=12620"}],"curies":[{"name":"wp","href":"https:\/\/api.w.org\/{rel}","templated":true}]}}