{"id":12642,"date":"2024-03-10T21:08:45","date_gmt":"2024-03-10T20:08:45","guid":{"rendered":"https:\/\/hansa-flex.ch\/company\/associations\/"},"modified":"2024-05-13T20:28:40","modified_gmt":"2024-05-13T18:28:40","slug":"associations","status":"publish","type":"page","link":"https:\/\/hansa-flex.ch\/fr\/company\/associations\/","title":{"rendered":"Associations"},"content":{"rendered":"\n<p>HANSA-FLEX est une soci\u00e9t\u00e9 anonyme familiale (AG) dont le si\u00e8ge social se trouve \u00e0 Br\u00eame et qui exerce ses activit\u00e9s dans le monde entier. Nous sommes l&#8217;un des principaux fournisseurs mondiaux de produits, de services et de solutions globales pour l&#8217;hydraulique. Avec plus de 4 200 employ\u00e9s r\u00e9partis sur plus de 445 sites, nous nous effor\u00e7ons chaque jour d&#8217;\u00eatre le meilleur partenaire et prestataire de services pour nos clients.<\/p>\n","protected":false},"excerpt":{"rendered":"<p>HANSA-FLEX est une soci\u00e9t\u00e9 anonyme familiale (AG) dont le si\u00e8ge social se trouve \u00e0 Br\u00eame et qui exerce ses activit\u00e9s dans le monde entier. Nous sommes l&#8217;un des principaux fournisseurs mondiaux de produits, de services et de solutions globales pour l&#8217;hydraulique. Avec plus de 4 200 employ\u00e9s r\u00e9partis sur plus de 445 sites, nous nous [&hellip;]<\/p>\n","protected":false},"author":1,"featured_media":12623,"parent":22307,"menu_order":0,"comment_status":"closed","ping_status":"closed","template":"","meta":{"_acf_changed":false,"footnotes":""},"class_list":["post-12642","page","type-page","status-publish","has-post-thumbnail","hentry"],"acf":[],"_links":{"self":[{"href":"https:\/\/hansa-flex.ch\/fr\/wp-json\/wp\/v2\/pages\/12642","targetHints":{"allow":["GET"]}}],"collection":[{"href":"https:\/\/hansa-flex.ch\/fr\/wp-json\/wp\/v2\/pages"}],"about":[{"href":"https:\/\/hansa-flex.ch\/fr\/wp-json\/wp\/v2\/types\/page"}],"author":[{"embeddable":true,"href":"https:\/\/hansa-flex.ch\/fr\/wp-json\/wp\/v2\/users\/1"}],"replies":[{"embeddable":true,"href":"https:\/\/hansa-flex.ch\/fr\/wp-json\/wp\/v2\/comments?post=12642"}],"version-history":[{"count":0,"href":"https:\/\/hansa-flex.ch\/fr\/wp-json\/wp\/v2\/pages\/12642\/revisions"}],"up":[{"embeddable":true,"href":"https:\/\/hansa-flex.ch\/fr\/wp-json\/wp\/v2\/pages\/22307"}],"wp:featuredmedia":[{"embeddable":true,"href":"https:\/\/hansa-flex.ch\/fr\/wp-json\/wp\/v2\/media\/12623"}],"wp:attachment":[{"href":"https:\/\/hansa-flex.ch\/fr\/wp-json\/wp\/v2\/media?parent=12642"}],"curies":[{"name":"wp","href":"https:\/\/api.w.org\/{rel}","templated":true}]}}