{"id":12649,"date":"2024-03-10T20:56:57","date_gmt":"2024-03-10T19:56:57","guid":{"rendered":"https:\/\/hansa-flex.ch\/company\/certificates\/"},"modified":"2024-05-13T20:30:30","modified_gmt":"2024-05-13T18:30:30","slug":"certificates","status":"publish","type":"page","link":"https:\/\/hansa-flex.ch\/fr\/company\/certificates\/","title":{"rendered":"Certificates"},"content":{"rendered":"\n<p>En tant que partenaire hydraulique national et international privil\u00e9gi\u00e9 de grandes entreprises et de clients du secteur public, HANSA-FLEX AG d\u00e9tient toutes les certifications ISO essentielles. Nos certificats de gestion de la qualit\u00e9 EN ISO 9001:2015, de gestion de l&#8217;environnement DIN EN ISO 14001:2015 et de gestion de la sant\u00e9 et de la s\u00e9curit\u00e9 au travail DIN ISO 45001:2018 sont r\u00e9guli\u00e8rement mis \u00e0 jour. Creditreform v\u00e9rifie \u00e9galement notre solvabilit\u00e9 depuis des ann\u00e9es et nous attribue \u00e0 chaque fois une excellente note.<\/p>\n","protected":false},"excerpt":{"rendered":"<p>En tant que partenaire hydraulique national et international privil\u00e9gi\u00e9 de grandes entreprises et de clients du secteur public, HANSA-FLEX AG d\u00e9tient toutes les certifications ISO essentielles. Nos certificats de gestion de la qualit\u00e9 EN ISO 9001:2015, de gestion de l&#8217;environnement DIN EN ISO 14001:2015 et de gestion de la sant\u00e9 et de la s\u00e9curit\u00e9 au [&hellip;]<\/p>\n","protected":false},"author":1,"featured_media":12652,"parent":22307,"menu_order":0,"comment_status":"closed","ping_status":"closed","template":"","meta":{"_acf_changed":true,"footnotes":""},"class_list":["post-12649","page","type-page","status-publish","has-post-thumbnail","hentry"],"acf":[],"_links":{"self":[{"href":"https:\/\/hansa-flex.ch\/fr\/wp-json\/wp\/v2\/pages\/12649","targetHints":{"allow":["GET"]}}],"collection":[{"href":"https:\/\/hansa-flex.ch\/fr\/wp-json\/wp\/v2\/pages"}],"about":[{"href":"https:\/\/hansa-flex.ch\/fr\/wp-json\/wp\/v2\/types\/page"}],"author":[{"embeddable":true,"href":"https:\/\/hansa-flex.ch\/fr\/wp-json\/wp\/v2\/users\/1"}],"replies":[{"embeddable":true,"href":"https:\/\/hansa-flex.ch\/fr\/wp-json\/wp\/v2\/comments?post=12649"}],"version-history":[{"count":0,"href":"https:\/\/hansa-flex.ch\/fr\/wp-json\/wp\/v2\/pages\/12649\/revisions"}],"up":[{"embeddable":true,"href":"https:\/\/hansa-flex.ch\/fr\/wp-json\/wp\/v2\/pages\/22307"}],"wp:featuredmedia":[{"embeddable":true,"href":"https:\/\/hansa-flex.ch\/fr\/wp-json\/wp\/v2\/media\/12652"}],"wp:attachment":[{"href":"https:\/\/hansa-flex.ch\/fr\/wp-json\/wp\/v2\/media?parent=12649"}],"curies":[{"name":"wp","href":"https:\/\/api.w.org\/{rel}","templated":true}]}}