{"id":12656,"date":"2024-03-10T17:57:07","date_gmt":"2024-03-10T16:57:07","guid":{"rendered":"https:\/\/hansa-flex.ch\/company\/history\/"},"modified":"2024-05-13T20:34:11","modified_gmt":"2024-05-13T18:34:11","slug":"lhistoire","status":"publish","type":"page","link":"https:\/\/hansa-flex.ch\/fr\/company\/lhistoire\/","title":{"rendered":"L&#8217;histoire"},"content":{"rendered":"\n<p>L&#8217;histoire de HANSA-FLEX a commenc\u00e9 il y a six d\u00e9cennies dans un petit garage \u00e0 Achim, pr\u00e8s de Br\u00eame. En 1962, l&#8217;homme d&#8217;affaires Joachim Armerding commence \u00e0 fabriquer et \u00e0 vendre des tuyaux hydrauliques, jetant ainsi les bases de l&#8217;actuelle HANSA-FLEX AG. L&#8217;entreprise conna\u00eet une forte croissance en Allemagne dans les ann\u00e9es qui suivent, avant de s&#8217;internationaliser en 1989. Aujourd&#8217;hui, HANSA-FLEX est une entreprise familiale internationale qui poss\u00e8de des filiales sur les cinq continents.<\/p>\n","protected":false},"excerpt":{"rendered":"<p>L&#8217;histoire de HANSA-FLEX a commenc\u00e9 il y a six d\u00e9cennies dans un petit garage \u00e0 Achim, pr\u00e8s de Br\u00eame. En 1962, l&#8217;homme d&#8217;affaires Joachim Armerding commence \u00e0 fabriquer et \u00e0 vendre des tuyaux hydrauliques, jetant ainsi les bases de l&#8217;actuelle HANSA-FLEX AG. L&#8217;entreprise conna\u00eet une forte croissance en Allemagne dans les ann\u00e9es qui suivent, avant [&hellip;]<\/p>\n","protected":false},"author":1,"featured_media":12660,"parent":22307,"menu_order":0,"comment_status":"closed","ping_status":"closed","template":"","meta":{"_acf_changed":true,"footnotes":""},"class_list":["post-12656","page","type-page","status-publish","has-post-thumbnail","hentry"],"acf":[],"_links":{"self":[{"href":"https:\/\/hansa-flex.ch\/fr\/wp-json\/wp\/v2\/pages\/12656","targetHints":{"allow":["GET"]}}],"collection":[{"href":"https:\/\/hansa-flex.ch\/fr\/wp-json\/wp\/v2\/pages"}],"about":[{"href":"https:\/\/hansa-flex.ch\/fr\/wp-json\/wp\/v2\/types\/page"}],"author":[{"embeddable":true,"href":"https:\/\/hansa-flex.ch\/fr\/wp-json\/wp\/v2\/users\/1"}],"replies":[{"embeddable":true,"href":"https:\/\/hansa-flex.ch\/fr\/wp-json\/wp\/v2\/comments?post=12656"}],"version-history":[{"count":0,"href":"https:\/\/hansa-flex.ch\/fr\/wp-json\/wp\/v2\/pages\/12656\/revisions"}],"up":[{"embeddable":true,"href":"https:\/\/hansa-flex.ch\/fr\/wp-json\/wp\/v2\/pages\/22307"}],"wp:featuredmedia":[{"embeddable":true,"href":"https:\/\/hansa-flex.ch\/fr\/wp-json\/wp\/v2\/media\/12660"}],"wp:attachment":[{"href":"https:\/\/hansa-flex.ch\/fr\/wp-json\/wp\/v2\/media?parent=12656"}],"curies":[{"name":"wp","href":"https:\/\/api.w.org\/{rel}","templated":true}]}}