{"id":12698,"date":"2024-03-10T20:24:35","date_gmt":"2024-03-10T19:24:35","guid":{"rendered":"https:\/\/hansa-flex.ch\/company\/references\/agriculture-and-forestry\/"},"modified":"2024-05-13T20:40:01","modified_gmt":"2024-05-13T18:40:01","slug":"agriculture-et-sylviculture","status":"publish","type":"page","link":"https:\/\/hansa-flex.ch\/fr\/company\/references\/agriculture-et-sylviculture\/","title":{"rendered":"Agriculture et sylviculture"},"content":{"rendered":"\n<p>Les machines puissantes des secteurs de l&#8217;agriculture et de L&#8217;exploitation foresti\u00e8re utilisent la puissance de l&#8217;hydraulique pour d\u00e9placer de lourdes charges et effectuer des travaux qui demandent beaucoup d&#8217;\u00e9nergie. Le vent et les intemp\u00e9ries ne les arr\u00eatent pas. Cependant, l&#8217;utilisation en plein air laisse des traces. D\u00e9couvrez comment HANSA-FLEX, en tant que partenaire syst\u00e8me, soutient ses clients avec un service client\u00e8le 24\/7, un approvisionnement rapide en pi\u00e8ces d\u00e9tach\u00e9es et des services de conseil pour tous les aspects de l&#8217;hydraulique mobile.<\/p>\n","protected":false},"excerpt":{"rendered":"<p>Les machines puissantes des secteurs de l&#8217;agriculture et de L&#8217;exploitation foresti\u00e8re utilisent la puissance de l&#8217;hydraulique pour d\u00e9placer de lourdes charges et effectuer des travaux qui demandent beaucoup d&#8217;\u00e9nergie. Le vent et les intemp\u00e9ries ne les arr\u00eatent pas. Cependant, l&#8217;utilisation en plein air laisse des traces. D\u00e9couvrez comment HANSA-FLEX, en tant que partenaire syst\u00e8me, soutient [&hellip;]<\/p>\n","protected":false},"author":1,"featured_media":12701,"parent":12690,"menu_order":1,"comment_status":"closed","ping_status":"closed","template":"","meta":{"_acf_changed":true,"footnotes":""},"class_list":["post-12698","page","type-page","status-publish","has-post-thumbnail","hentry"],"acf":[],"_links":{"self":[{"href":"https:\/\/hansa-flex.ch\/fr\/wp-json\/wp\/v2\/pages\/12698","targetHints":{"allow":["GET"]}}],"collection":[{"href":"https:\/\/hansa-flex.ch\/fr\/wp-json\/wp\/v2\/pages"}],"about":[{"href":"https:\/\/hansa-flex.ch\/fr\/wp-json\/wp\/v2\/types\/page"}],"author":[{"embeddable":true,"href":"https:\/\/hansa-flex.ch\/fr\/wp-json\/wp\/v2\/users\/1"}],"replies":[{"embeddable":true,"href":"https:\/\/hansa-flex.ch\/fr\/wp-json\/wp\/v2\/comments?post=12698"}],"version-history":[{"count":0,"href":"https:\/\/hansa-flex.ch\/fr\/wp-json\/wp\/v2\/pages\/12698\/revisions"}],"up":[{"embeddable":true,"href":"https:\/\/hansa-flex.ch\/fr\/wp-json\/wp\/v2\/pages\/12690"}],"wp:featuredmedia":[{"embeddable":true,"href":"https:\/\/hansa-flex.ch\/fr\/wp-json\/wp\/v2\/media\/12701"}],"wp:attachment":[{"href":"https:\/\/hansa-flex.ch\/fr\/wp-json\/wp\/v2\/media?parent=12698"}],"curies":[{"name":"wp","href":"https:\/\/api.w.org\/{rel}","templated":true}]}}