{"id":12714,"date":"2024-03-10T20:19:41","date_gmt":"2024-03-10T19:19:41","guid":{"rendered":"https:\/\/hansa-flex.ch\/company\/references\/chemicals-pharmaceuticals-and-food\/"},"modified":"2024-05-13T20:44:03","modified_gmt":"2024-05-13T18:44:03","slug":"produits-chimiques-pharmaceutiques-et-alimentaires","status":"publish","type":"page","link":"https:\/\/hansa-flex.ch\/fr\/company\/references\/produits-chimiques-pharmaceutiques-et-alimentaires\/","title":{"rendered":"Produits chimiques, pharmaceutiques et alimentaires"},"content":{"rendered":"\n<p>Puret\u00e9 maximale, milieux hautement corrosifs, environnements explosifs et nombreuses r\u00e9glementations : Les applications dans les industries chimique, pharmaceutique et alimentaire imposent les exigences les plus \u00e9lev\u00e9es \u00e0 tous les composants install\u00e9s. D\u00e9couvrez comment HANSA-FLEX garantit une disponibilit\u00e9 et une s\u00e9curit\u00e9 \u00e9lev\u00e9es des syst\u00e8mes gr\u00e2ce \u00e0 des solutions sur mesure telles que des tuyaux m\u00e9talliques, des raccords en acier inoxydable et des services performants.<\/p>\n","protected":false},"excerpt":{"rendered":"<p>Puret\u00e9 maximale, milieux hautement corrosifs, environnements explosifs et nombreuses r\u00e9glementations : Les applications dans les industries chimique, pharmaceutique et alimentaire imposent les exigences les plus \u00e9lev\u00e9es \u00e0 tous les composants install\u00e9s. D\u00e9couvrez comment HANSA-FLEX garantit une disponibilit\u00e9 et une s\u00e9curit\u00e9 \u00e9lev\u00e9es des syst\u00e8mes gr\u00e2ce \u00e0 des solutions sur mesure telles que des tuyaux m\u00e9talliques, des [&hellip;]<\/p>\n","protected":false},"author":1,"featured_media":12716,"parent":12690,"menu_order":1,"comment_status":"closed","ping_status":"closed","template":"","meta":{"_acf_changed":true,"footnotes":""},"class_list":["post-12714","page","type-page","status-publish","has-post-thumbnail","hentry"],"acf":[],"_links":{"self":[{"href":"https:\/\/hansa-flex.ch\/fr\/wp-json\/wp\/v2\/pages\/12714","targetHints":{"allow":["GET"]}}],"collection":[{"href":"https:\/\/hansa-flex.ch\/fr\/wp-json\/wp\/v2\/pages"}],"about":[{"href":"https:\/\/hansa-flex.ch\/fr\/wp-json\/wp\/v2\/types\/page"}],"author":[{"embeddable":true,"href":"https:\/\/hansa-flex.ch\/fr\/wp-json\/wp\/v2\/users\/1"}],"replies":[{"embeddable":true,"href":"https:\/\/hansa-flex.ch\/fr\/wp-json\/wp\/v2\/comments?post=12714"}],"version-history":[{"count":0,"href":"https:\/\/hansa-flex.ch\/fr\/wp-json\/wp\/v2\/pages\/12714\/revisions"}],"up":[{"embeddable":true,"href":"https:\/\/hansa-flex.ch\/fr\/wp-json\/wp\/v2\/pages\/12690"}],"wp:featuredmedia":[{"embeddable":true,"href":"https:\/\/hansa-flex.ch\/fr\/wp-json\/wp\/v2\/media\/12716"}],"wp:attachment":[{"href":"https:\/\/hansa-flex.ch\/fr\/wp-json\/wp\/v2\/media?parent=12714"}],"curies":[{"name":"wp","href":"https:\/\/api.w.org\/{rel}","templated":true}]}}