{"id":12727,"date":"2024-03-10T20:17:51","date_gmt":"2024-03-10T19:17:51","guid":{"rendered":"https:\/\/hansa-flex.ch\/company\/references\/construction\/"},"modified":"2024-05-13T20:43:10","modified_gmt":"2024-05-13T18:43:10","slug":"la-construction","status":"publish","type":"page","link":"https:\/\/hansa-flex.ch\/fr\/company\/references\/la-construction\/","title":{"rendered":"La construction"},"content":{"rendered":"\n<p>Les composants hydrauliques tels que les conduites flexibles sont soumis \u00e0 une forte usure sur les chantiers. Il est bon de pouvoir les remplacer rapidement et \u00e0 tout moment. Cela permet non seulement de minimiser les temps d&#8217;arr\u00eat des machines, mais aussi de r\u00e9duire le temps n\u00e9cessaire aux travaux d&#8217;entretien r\u00e9guliers. D\u00e9couvrez comment HANSA-FLEX assure une disponibilit\u00e9 optimale des pi\u00e8ces de rechange pour les engins de chantier gr\u00e2ce \u00e0 son service hydraulique d&#8217;urgence mobile et \u00e0 son conteneur de service d&#8217;atelier.<\/p>\n","protected":false},"excerpt":{"rendered":"<p>Les composants hydrauliques tels que les conduites flexibles sont soumis \u00e0 une forte usure sur les chantiers. Il est bon de pouvoir les remplacer rapidement et \u00e0 tout moment. Cela permet non seulement de minimiser les temps d&#8217;arr\u00eat des machines, mais aussi de r\u00e9duire le temps n\u00e9cessaire aux travaux d&#8217;entretien r\u00e9guliers. D\u00e9couvrez comment HANSA-FLEX assure [&hellip;]<\/p>\n","protected":false},"author":1,"featured_media":12728,"parent":12690,"menu_order":1,"comment_status":"closed","ping_status":"closed","template":"","meta":{"_acf_changed":true,"footnotes":""},"class_list":["post-12727","page","type-page","status-publish","has-post-thumbnail","hentry"],"acf":[],"_links":{"self":[{"href":"https:\/\/hansa-flex.ch\/fr\/wp-json\/wp\/v2\/pages\/12727","targetHints":{"allow":["GET"]}}],"collection":[{"href":"https:\/\/hansa-flex.ch\/fr\/wp-json\/wp\/v2\/pages"}],"about":[{"href":"https:\/\/hansa-flex.ch\/fr\/wp-json\/wp\/v2\/types\/page"}],"author":[{"embeddable":true,"href":"https:\/\/hansa-flex.ch\/fr\/wp-json\/wp\/v2\/users\/1"}],"replies":[{"embeddable":true,"href":"https:\/\/hansa-flex.ch\/fr\/wp-json\/wp\/v2\/comments?post=12727"}],"version-history":[{"count":0,"href":"https:\/\/hansa-flex.ch\/fr\/wp-json\/wp\/v2\/pages\/12727\/revisions"}],"up":[{"embeddable":true,"href":"https:\/\/hansa-flex.ch\/fr\/wp-json\/wp\/v2\/pages\/12690"}],"wp:featuredmedia":[{"embeddable":true,"href":"https:\/\/hansa-flex.ch\/fr\/wp-json\/wp\/v2\/media\/12728"}],"wp:attachment":[{"href":"https:\/\/hansa-flex.ch\/fr\/wp-json\/wp\/v2\/media?parent=12727"}],"curies":[{"name":"wp","href":"https:\/\/api.w.org\/{rel}","templated":true}]}}