{"id":12739,"date":"2024-03-10T20:23:09","date_gmt":"2024-03-10T19:23:09","guid":{"rendered":"https:\/\/hansa-flex.ch\/company\/references\/waste-disposal-and-recycling\/"},"modified":"2024-05-13T20:40:16","modified_gmt":"2024-05-13T18:40:16","slug":"elimination-des-dechets-et-recyclage","status":"publish","type":"page","link":"https:\/\/hansa-flex.ch\/fr\/company\/references\/elimination-des-dechets-et-recyclage\/","title":{"rendered":"\u00c9limination des d\u00e9chets et recyclage"},"content":{"rendered":"\n<p>Les entreprises du secteur de l&#8217;\u00e9limination et du recyclage des d\u00e9chets s&#8217;engagent \u00e0 prot\u00e9ger l&#8217;environnement et ses ressources. Des forces importantes et des conditions de fonctionnement difficiles imposent une charge \u00e9lev\u00e9e aux composants hydrauliques utilis\u00e9s. D\u00e9couvrez comment HANSA-FLEX r\u00e9pond \u00e0 ces exigences avec des produits et des services parfaitement adapt\u00e9s, minimisant ainsi les temps d&#8217;arr\u00eat des machines. Pour que le cycle de recyclage se poursuive toujours.<\/p>\n","protected":false},"excerpt":{"rendered":"<p>Les entreprises du secteur de l&#8217;\u00e9limination et du recyclage des d\u00e9chets s&#8217;engagent \u00e0 prot\u00e9ger l&#8217;environnement et ses ressources. Des forces importantes et des conditions de fonctionnement difficiles imposent une charge \u00e9lev\u00e9e aux composants hydrauliques utilis\u00e9s. D\u00e9couvrez comment HANSA-FLEX r\u00e9pond \u00e0 ces exigences avec des produits et des services parfaitement adapt\u00e9s, minimisant ainsi les temps d&#8217;arr\u00eat [&hellip;]<\/p>\n","protected":false},"author":1,"featured_media":12740,"parent":12690,"menu_order":1,"comment_status":"closed","ping_status":"closed","template":"","meta":{"_acf_changed":true,"footnotes":""},"class_list":["post-12739","page","type-page","status-publish","has-post-thumbnail","hentry"],"acf":[],"_links":{"self":[{"href":"https:\/\/hansa-flex.ch\/fr\/wp-json\/wp\/v2\/pages\/12739","targetHints":{"allow":["GET"]}}],"collection":[{"href":"https:\/\/hansa-flex.ch\/fr\/wp-json\/wp\/v2\/pages"}],"about":[{"href":"https:\/\/hansa-flex.ch\/fr\/wp-json\/wp\/v2\/types\/page"}],"author":[{"embeddable":true,"href":"https:\/\/hansa-flex.ch\/fr\/wp-json\/wp\/v2\/users\/1"}],"replies":[{"embeddable":true,"href":"https:\/\/hansa-flex.ch\/fr\/wp-json\/wp\/v2\/comments?post=12739"}],"version-history":[{"count":0,"href":"https:\/\/hansa-flex.ch\/fr\/wp-json\/wp\/v2\/pages\/12739\/revisions"}],"up":[{"embeddable":true,"href":"https:\/\/hansa-flex.ch\/fr\/wp-json\/wp\/v2\/pages\/12690"}],"wp:featuredmedia":[{"embeddable":true,"href":"https:\/\/hansa-flex.ch\/fr\/wp-json\/wp\/v2\/media\/12740"}],"wp:attachment":[{"href":"https:\/\/hansa-flex.ch\/fr\/wp-json\/wp\/v2\/media?parent=12739"}],"curies":[{"name":"wp","href":"https:\/\/api.w.org\/{rel}","templated":true}]}}