{"id":12751,"date":"2024-03-10T20:21:52","date_gmt":"2024-03-10T19:21:52","guid":{"rendered":"https:\/\/hansa-flex.ch\/company\/references\/energy\/"},"modified":"2024-05-13T20:42:05","modified_gmt":"2024-05-13T18:42:05","slug":"lenergie","status":"publish","type":"page","link":"https:\/\/hansa-flex.ch\/fr\/company\/references\/lenergie\/","title":{"rendered":"L&#8217;\u00e9nergie"},"content":{"rendered":"\n<p>Rien ne fonctionne sans \u00e9nergie. Car lorsque les \u00e9oliennes et les centrales \u00e9lectriques sont \u00e0 l&#8217;arr\u00eat, les entreprises et les m\u00e9nages ne peuvent pas \u00eatre approvisionn\u00e9s en \u00e9lectricit\u00e9. D\u00e9couvrez comment HANSA-FLEX soutient les entreprises du secteur de l&#8217;\u00e9nergie, de la fourniture de composants tels que les tuyauteries \u00e0 l&#8217;optimisation des installations et au service rapide sur site. Gr\u00e2ce \u00e0 des audits et \u00e0 des tests approfondis, HANSA-FLEX garantit toujours une qualit\u00e9 \u00e9lev\u00e9e dans sa coop\u00e9ration.<\/p>\n","protected":false},"excerpt":{"rendered":"<p>Rien ne fonctionne sans \u00e9nergie. Car lorsque les \u00e9oliennes et les centrales \u00e9lectriques sont \u00e0 l&#8217;arr\u00eat, les entreprises et les m\u00e9nages ne peuvent pas \u00eatre approvisionn\u00e9s en \u00e9lectricit\u00e9. D\u00e9couvrez comment HANSA-FLEX soutient les entreprises du secteur de l&#8217;\u00e9nergie, de la fourniture de composants tels que les tuyauteries \u00e0 l&#8217;optimisation des installations et au service rapide [&hellip;]<\/p>\n","protected":false},"author":1,"featured_media":12752,"parent":12690,"menu_order":1,"comment_status":"closed","ping_status":"closed","template":"","meta":{"_acf_changed":true,"footnotes":""},"class_list":["post-12751","page","type-page","status-publish","has-post-thumbnail","hentry"],"acf":[],"_links":{"self":[{"href":"https:\/\/hansa-flex.ch\/fr\/wp-json\/wp\/v2\/pages\/12751","targetHints":{"allow":["GET"]}}],"collection":[{"href":"https:\/\/hansa-flex.ch\/fr\/wp-json\/wp\/v2\/pages"}],"about":[{"href":"https:\/\/hansa-flex.ch\/fr\/wp-json\/wp\/v2\/types\/page"}],"author":[{"embeddable":true,"href":"https:\/\/hansa-flex.ch\/fr\/wp-json\/wp\/v2\/users\/1"}],"replies":[{"embeddable":true,"href":"https:\/\/hansa-flex.ch\/fr\/wp-json\/wp\/v2\/comments?post=12751"}],"version-history":[{"count":0,"href":"https:\/\/hansa-flex.ch\/fr\/wp-json\/wp\/v2\/pages\/12751\/revisions"}],"up":[{"embeddable":true,"href":"https:\/\/hansa-flex.ch\/fr\/wp-json\/wp\/v2\/pages\/12690"}],"wp:featuredmedia":[{"embeddable":true,"href":"https:\/\/hansa-flex.ch\/fr\/wp-json\/wp\/v2\/media\/12752"}],"wp:attachment":[{"href":"https:\/\/hansa-flex.ch\/fr\/wp-json\/wp\/v2\/media?parent=12751"}],"curies":[{"name":"wp","href":"https:\/\/api.w.org\/{rel}","templated":true}]}}