{"id":12763,"date":"2024-03-10T20:27:31","date_gmt":"2024-03-10T19:27:31","guid":{"rendered":"https:\/\/hansa-flex.ch\/company\/references\/machine-and-plant-engineering\/"},"modified":"2024-05-13T20:42:03","modified_gmt":"2024-05-13T18:42:03","slug":"ingenierie-des-machines-et-des-installations","status":"publish","type":"page","link":"https:\/\/hansa-flex.ch\/fr\/company\/references\/ingenierie-des-machines-et-des-installations\/","title":{"rendered":"Ing\u00e9nierie des machines et des installations"},"content":{"rendered":"\n<p>Les entreprises du secteur de la construction de machines et d&#8217;installations doivent impressionner par l&#8217;excellente qualit\u00e9 de leurs produits et leur service de premier ordre. HANSA-FLEX soutient les entreprises de production en leur fournissant des composants fluides de haute qualit\u00e9 en fonction de la demande, une gestion des pi\u00e8ces adapt\u00e9e aux processus de production synchronis\u00e9s et un service apr\u00e8s-vente dans le monde entier. D\u00e9couvrez les avantages d&#8217;un partenariat strat\u00e9gique avec HANSA-FLEX.<\/p>\n","protected":false},"excerpt":{"rendered":"<p>Les entreprises du secteur de la construction de machines et d&#8217;installations doivent impressionner par l&#8217;excellente qualit\u00e9 de leurs produits et leur service de premier ordre. HANSA-FLEX soutient les entreprises de production en leur fournissant des composants fluides de haute qualit\u00e9 en fonction de la demande, une gestion des pi\u00e8ces adapt\u00e9e aux processus de production synchronis\u00e9s [&hellip;]<\/p>\n","protected":false},"author":1,"featured_media":12764,"parent":12690,"menu_order":1,"comment_status":"closed","ping_status":"closed","template":"","meta":{"_acf_changed":true,"footnotes":""},"class_list":["post-12763","page","type-page","status-publish","has-post-thumbnail","hentry"],"acf":[],"_links":{"self":[{"href":"https:\/\/hansa-flex.ch\/fr\/wp-json\/wp\/v2\/pages\/12763","targetHints":{"allow":["GET"]}}],"collection":[{"href":"https:\/\/hansa-flex.ch\/fr\/wp-json\/wp\/v2\/pages"}],"about":[{"href":"https:\/\/hansa-flex.ch\/fr\/wp-json\/wp\/v2\/types\/page"}],"author":[{"embeddable":true,"href":"https:\/\/hansa-flex.ch\/fr\/wp-json\/wp\/v2\/users\/1"}],"replies":[{"embeddable":true,"href":"https:\/\/hansa-flex.ch\/fr\/wp-json\/wp\/v2\/comments?post=12763"}],"version-history":[{"count":0,"href":"https:\/\/hansa-flex.ch\/fr\/wp-json\/wp\/v2\/pages\/12763\/revisions"}],"up":[{"embeddable":true,"href":"https:\/\/hansa-flex.ch\/fr\/wp-json\/wp\/v2\/pages\/12690"}],"wp:featuredmedia":[{"embeddable":true,"href":"https:\/\/hansa-flex.ch\/fr\/wp-json\/wp\/v2\/media\/12764"}],"wp:attachment":[{"href":"https:\/\/hansa-flex.ch\/fr\/wp-json\/wp\/v2\/media?parent=12763"}],"curies":[{"name":"wp","href":"https:\/\/api.w.org\/{rel}","templated":true}]}}