{"id":12775,"date":"2024-03-10T20:25:58","date_gmt":"2024-03-10T19:25:58","guid":{"rendered":"https:\/\/hansa-flex.ch\/company\/references\/maritime-industry\/"},"modified":"2024-05-13T20:40:44","modified_gmt":"2024-05-13T18:40:44","slug":"industrie-maritime","status":"publish","type":"page","link":"https:\/\/hansa-flex.ch\/fr\/company\/references\/industrie-maritime\/","title":{"rendered":"Industrie maritime"},"content":{"rendered":"\n<p>Dans les environnements maritimes, les composants hydrauliques sont soumis \u00e0 des contraintes particuli\u00e8rement \u00e9lev\u00e9es dues au soleil, \u00e0 la pluie et \u00e0 l&#8217;eau sal\u00e9e. HANSA-FLEX propose une large gamme de produits adapt\u00e9s aux conditions difficiles et r\u00e9pondant aux sp\u00e9cifications des soci\u00e9t\u00e9s de classification. En tant que partenaire de service, nous assistons nos clients pour l&#8217;installation, la maintenance et l&#8217;entretien. En savoir plus sur le travail de nos employ\u00e9s sur les c\u00f4tes, les rivi\u00e8res et la mer.<\/p>\n\n\n\n<p><\/p>\n","protected":false},"excerpt":{"rendered":"<p>Dans les environnements maritimes, les composants hydrauliques sont soumis \u00e0 des contraintes particuli\u00e8rement \u00e9lev\u00e9es dues au soleil, \u00e0 la pluie et \u00e0 l&#8217;eau sal\u00e9e. HANSA-FLEX propose une large gamme de produits adapt\u00e9s aux conditions difficiles et r\u00e9pondant aux sp\u00e9cifications des soci\u00e9t\u00e9s de classification. En tant que partenaire de service, nous assistons nos clients pour l&#8217;installation, [&hellip;]<\/p>\n","protected":false},"author":1,"featured_media":12776,"parent":12690,"menu_order":1,"comment_status":"closed","ping_status":"closed","template":"","meta":{"_acf_changed":true,"footnotes":""},"class_list":["post-12775","page","type-page","status-publish","has-post-thumbnail","hentry"],"acf":[],"_links":{"self":[{"href":"https:\/\/hansa-flex.ch\/fr\/wp-json\/wp\/v2\/pages\/12775","targetHints":{"allow":["GET"]}}],"collection":[{"href":"https:\/\/hansa-flex.ch\/fr\/wp-json\/wp\/v2\/pages"}],"about":[{"href":"https:\/\/hansa-flex.ch\/fr\/wp-json\/wp\/v2\/types\/page"}],"author":[{"embeddable":true,"href":"https:\/\/hansa-flex.ch\/fr\/wp-json\/wp\/v2\/users\/1"}],"replies":[{"embeddable":true,"href":"https:\/\/hansa-flex.ch\/fr\/wp-json\/wp\/v2\/comments?post=12775"}],"version-history":[{"count":0,"href":"https:\/\/hansa-flex.ch\/fr\/wp-json\/wp\/v2\/pages\/12775\/revisions"}],"up":[{"embeddable":true,"href":"https:\/\/hansa-flex.ch\/fr\/wp-json\/wp\/v2\/pages\/12690"}],"wp:featuredmedia":[{"embeddable":true,"href":"https:\/\/hansa-flex.ch\/fr\/wp-json\/wp\/v2\/media\/12776"}],"wp:attachment":[{"href":"https:\/\/hansa-flex.ch\/fr\/wp-json\/wp\/v2\/media?parent=12775"}],"curies":[{"name":"wp","href":"https:\/\/api.w.org\/{rel}","templated":true}]}}