{"id":12787,"date":"2024-03-10T20:33:17","date_gmt":"2024-03-10T19:33:17","guid":{"rendered":"https:\/\/hansa-flex.ch\/company\/references\/metal-plastics-glass-and-paper\/"},"modified":"2024-05-13T20:43:40","modified_gmt":"2024-05-13T18:43:40","slug":"metal-plastique-verre-et-papier","status":"publish","type":"page","link":"https:\/\/hansa-flex.ch\/fr\/company\/references\/metal-plastique-verre-et-papier\/","title":{"rendered":"M\u00e9tal, plastique, verre et papier"},"content":{"rendered":"\n<p>Dans les industries du m\u00e9tal, du plastique, du verre et du papier, les pressions \u00e9lev\u00e9es et les temps de cycle serr\u00e9s entra\u00eenent une forte usure des composants hydrauliques. Gr\u00e2ce \u00e0 un syst\u00e8me \u00e9prouv\u00e9 de gestion des tuyaux et \u00e0 une main-d&#8217;\u0153uvre pour la maintenance et l&#8217;entretien, HANSA-FLEX garantit des temps d&#8217;arr\u00eat courts et donc une grande efficacit\u00e9 des installations. D\u00e9couvrez comment HANSA-FLEX soutient ses clients en tant que partenaire unique dans l&#8217;exploitation, l&#8217;optimisation et la conversion des installations.<\/p>\n","protected":false},"excerpt":{"rendered":"<p>Dans les industries du m\u00e9tal, du plastique, du verre et du papier, les pressions \u00e9lev\u00e9es et les temps de cycle serr\u00e9s entra\u00eenent une forte usure des composants hydrauliques. Gr\u00e2ce \u00e0 un syst\u00e8me \u00e9prouv\u00e9 de gestion des tuyaux et \u00e0 une main-d&#8217;\u0153uvre pour la maintenance et l&#8217;entretien, HANSA-FLEX garantit des temps d&#8217;arr\u00eat courts et donc une [&hellip;]<\/p>\n","protected":false},"author":1,"featured_media":12788,"parent":12690,"menu_order":1,"comment_status":"closed","ping_status":"closed","template":"","meta":{"_acf_changed":true,"footnotes":""},"class_list":["post-12787","page","type-page","status-publish","has-post-thumbnail","hentry"],"acf":[],"_links":{"self":[{"href":"https:\/\/hansa-flex.ch\/fr\/wp-json\/wp\/v2\/pages\/12787","targetHints":{"allow":["GET"]}}],"collection":[{"href":"https:\/\/hansa-flex.ch\/fr\/wp-json\/wp\/v2\/pages"}],"about":[{"href":"https:\/\/hansa-flex.ch\/fr\/wp-json\/wp\/v2\/types\/page"}],"author":[{"embeddable":true,"href":"https:\/\/hansa-flex.ch\/fr\/wp-json\/wp\/v2\/users\/1"}],"replies":[{"embeddable":true,"href":"https:\/\/hansa-flex.ch\/fr\/wp-json\/wp\/v2\/comments?post=12787"}],"version-history":[{"count":0,"href":"https:\/\/hansa-flex.ch\/fr\/wp-json\/wp\/v2\/pages\/12787\/revisions"}],"up":[{"embeddable":true,"href":"https:\/\/hansa-flex.ch\/fr\/wp-json\/wp\/v2\/pages\/12690"}],"wp:featuredmedia":[{"embeddable":true,"href":"https:\/\/hansa-flex.ch\/fr\/wp-json\/wp\/v2\/media\/12788"}],"wp:attachment":[{"href":"https:\/\/hansa-flex.ch\/fr\/wp-json\/wp\/v2\/media?parent=12787"}],"curies":[{"name":"wp","href":"https:\/\/api.w.org\/{rel}","templated":true}]}}