{"id":12799,"date":"2024-03-10T20:34:49","date_gmt":"2024-03-10T19:34:49","guid":{"rendered":"https:\/\/hansa-flex.ch\/company\/references\/mining-and-tunnel-construction\/"},"modified":"2024-05-13T20:40:20","modified_gmt":"2024-05-13T18:40:20","slug":"exploitation-miniere-et-creusement-de-tunnels","status":"publish","type":"page","link":"https:\/\/hansa-flex.ch\/fr\/company\/references\/exploitation-miniere-et-creusement-de-tunnels\/","title":{"rendered":"Exploitation mini\u00e8re et creusement de tunnels"},"content":{"rendered":"\n<p>Les conditions d&#8217;utilisation extr\u00eamement exigeantes sur les grands chantiers de construction sur et sous terre mettent \u00e0 rude \u00e9preuve les machines et les \u00e9quipements. Avec les conteneurs d&#8217;atelier mobiles de HANSA-FLEX, la bonne pi\u00e8ce de rechange est toujours \u00e0 port\u00e9e de main. La gamme, adapt\u00e9e aux exigences de l&#8217;industrie mini\u00e8re, couvre tous les domaines, de l&#8217;hydraulique haute pression \u00e0 la technologie de l&#8217;eau. D\u00e9couvrez comment HANSA-FLEX permet aux clients de l&#8217;industrie mini\u00e8re et de l&#8217;exploitation \u00e0 ciel ouvert d&#8217;\u00e9conomiser une montagne de travail.<\/p>\n","protected":false},"excerpt":{"rendered":"<p>Les conditions d&#8217;utilisation extr\u00eamement exigeantes sur les grands chantiers de construction sur et sous terre mettent \u00e0 rude \u00e9preuve les machines et les \u00e9quipements. Avec les conteneurs d&#8217;atelier mobiles de HANSA-FLEX, la bonne pi\u00e8ce de rechange est toujours \u00e0 port\u00e9e de main. La gamme, adapt\u00e9e aux exigences de l&#8217;industrie mini\u00e8re, couvre tous les domaines, de [&hellip;]<\/p>\n","protected":false},"author":1,"featured_media":12800,"parent":12690,"menu_order":1,"comment_status":"closed","ping_status":"closed","template":"","meta":{"_acf_changed":true,"footnotes":""},"class_list":["post-12799","page","type-page","status-publish","has-post-thumbnail","hentry"],"acf":[],"_links":{"self":[{"href":"https:\/\/hansa-flex.ch\/fr\/wp-json\/wp\/v2\/pages\/12799","targetHints":{"allow":["GET"]}}],"collection":[{"href":"https:\/\/hansa-flex.ch\/fr\/wp-json\/wp\/v2\/pages"}],"about":[{"href":"https:\/\/hansa-flex.ch\/fr\/wp-json\/wp\/v2\/types\/page"}],"author":[{"embeddable":true,"href":"https:\/\/hansa-flex.ch\/fr\/wp-json\/wp\/v2\/users\/1"}],"replies":[{"embeddable":true,"href":"https:\/\/hansa-flex.ch\/fr\/wp-json\/wp\/v2\/comments?post=12799"}],"version-history":[{"count":0,"href":"https:\/\/hansa-flex.ch\/fr\/wp-json\/wp\/v2\/pages\/12799\/revisions"}],"up":[{"embeddable":true,"href":"https:\/\/hansa-flex.ch\/fr\/wp-json\/wp\/v2\/pages\/12690"}],"wp:featuredmedia":[{"embeddable":true,"href":"https:\/\/hansa-flex.ch\/fr\/wp-json\/wp\/v2\/media\/12800"}],"wp:attachment":[{"href":"https:\/\/hansa-flex.ch\/fr\/wp-json\/wp\/v2\/media?parent=12799"}],"curies":[{"name":"wp","href":"https:\/\/api.w.org\/{rel}","templated":true}]}}