{"id":12811,"date":"2024-03-10T20:36:12","date_gmt":"2024-03-10T19:36:12","guid":{"rendered":"https:\/\/hansa-flex.ch\/company\/references\/rail-transport\/"},"modified":"2024-04-30T19:30:57","modified_gmt":"2024-04-30T17:30:57","slug":"transport-ferroviaire","status":"publish","type":"page","link":"https:\/\/hansa-flex.ch\/fr\/company\/references\/transport-ferroviaire\/","title":{"rendered":"Transport ferroviaire"},"content":{"rendered":"\n<p>La mobilit\u00e9 de l&#8217;avenir ne peut se faire sans le transport des personnes et des marchandises par le rail. Le personnel exp\u00e9riment\u00e9 de HANSA-FLEX conna\u00eet les normes en vigueur et fournit une assistance compl\u00e8te, de la s\u00e9lection des produits aux r\u00e9parations rapides sur les voies. D\u00e9couvrez quelles entreprises font d\u00e9j\u00e0 confiance aux composants fluides et \u00e0 l&#8217;expertise de HANSA-FLEX et comment elles b\u00e9n\u00e9ficient d&#8217;un partenariat syst\u00e8me.<\/p>\n","protected":false},"excerpt":{"rendered":"<p>La mobilit\u00e9 de l&#8217;avenir ne peut se faire sans le transport des personnes et des marchandises par le rail. Le personnel exp\u00e9riment\u00e9 de HANSA-FLEX conna\u00eet les normes en vigueur et fournit une assistance compl\u00e8te, de la s\u00e9lection des produits aux r\u00e9parations rapides sur les voies. D\u00e9couvrez quelles entreprises font d\u00e9j\u00e0 confiance aux composants fluides et [&hellip;]<\/p>\n","protected":false},"author":1,"featured_media":12812,"parent":12690,"menu_order":1,"comment_status":"closed","ping_status":"closed","template":"","meta":{"_acf_changed":true,"footnotes":""},"class_list":["post-12811","page","type-page","status-publish","has-post-thumbnail","hentry"],"acf":[],"_links":{"self":[{"href":"https:\/\/hansa-flex.ch\/fr\/wp-json\/wp\/v2\/pages\/12811","targetHints":{"allow":["GET"]}}],"collection":[{"href":"https:\/\/hansa-flex.ch\/fr\/wp-json\/wp\/v2\/pages"}],"about":[{"href":"https:\/\/hansa-flex.ch\/fr\/wp-json\/wp\/v2\/types\/page"}],"author":[{"embeddable":true,"href":"https:\/\/hansa-flex.ch\/fr\/wp-json\/wp\/v2\/users\/1"}],"replies":[{"embeddable":true,"href":"https:\/\/hansa-flex.ch\/fr\/wp-json\/wp\/v2\/comments?post=12811"}],"version-history":[{"count":0,"href":"https:\/\/hansa-flex.ch\/fr\/wp-json\/wp\/v2\/pages\/12811\/revisions"}],"up":[{"embeddable":true,"href":"https:\/\/hansa-flex.ch\/fr\/wp-json\/wp\/v2\/pages\/12690"}],"wp:featuredmedia":[{"embeddable":true,"href":"https:\/\/hansa-flex.ch\/fr\/wp-json\/wp\/v2\/media\/12812"}],"wp:attachment":[{"href":"https:\/\/hansa-flex.ch\/fr\/wp-json\/wp\/v2\/media?parent=12811"}],"curies":[{"name":"wp","href":"https:\/\/api.w.org\/{rel}","templated":true}]}}