{"id":12823,"date":"2024-03-10T20:37:19","date_gmt":"2024-03-10T19:37:19","guid":{"rendered":"https:\/\/hansa-flex.ch\/company\/references\/transport-and-logistics\/"},"modified":"2024-05-13T20:49:13","modified_gmt":"2024-05-13T18:49:13","slug":"transport-et-logistique","status":"publish","type":"page","link":"https:\/\/hansa-flex.ch\/fr\/company\/references\/transport-et-logistique\/","title":{"rendered":"Transport et logistique"},"content":{"rendered":"\n<p>La logistique ne se limite pas au d\u00e9placement de marchandises et de personnes. Il s&#8217;agit de solutions rapides, efficaces et intelligentes \u00e0 une \u00e9poque o\u00f9 les cha\u00eenes d&#8217;approvisionnement sont de plus en plus complexes. Un approvisionnement rapide en pi\u00e8ces d\u00e9tach\u00e9es dans le monde entier et une maintenance assur\u00e9e par des experts garantissent l&#8217;absence de temps d&#8217;arr\u00eat. D\u00e9couvrez comment les entreprises du secteur du transport et de la logistique b\u00e9n\u00e9ficient des produits et services HANSA-FLEX.<\/p>\n","protected":false},"excerpt":{"rendered":"<p>La logistique ne se limite pas au d\u00e9placement de marchandises et de personnes. Il s&#8217;agit de solutions rapides, efficaces et intelligentes \u00e0 une \u00e9poque o\u00f9 les cha\u00eenes d&#8217;approvisionnement sont de plus en plus complexes. Un approvisionnement rapide en pi\u00e8ces d\u00e9tach\u00e9es dans le monde entier et une maintenance assur\u00e9e par des experts garantissent l&#8217;absence de temps [&hellip;]<\/p>\n","protected":false},"author":1,"featured_media":12824,"parent":12690,"menu_order":1,"comment_status":"closed","ping_status":"closed","template":"","meta":{"_acf_changed":true,"footnotes":""},"class_list":["post-12823","page","type-page","status-publish","has-post-thumbnail","hentry"],"acf":[],"_links":{"self":[{"href":"https:\/\/hansa-flex.ch\/fr\/wp-json\/wp\/v2\/pages\/12823","targetHints":{"allow":["GET"]}}],"collection":[{"href":"https:\/\/hansa-flex.ch\/fr\/wp-json\/wp\/v2\/pages"}],"about":[{"href":"https:\/\/hansa-flex.ch\/fr\/wp-json\/wp\/v2\/types\/page"}],"author":[{"embeddable":true,"href":"https:\/\/hansa-flex.ch\/fr\/wp-json\/wp\/v2\/users\/1"}],"replies":[{"embeddable":true,"href":"https:\/\/hansa-flex.ch\/fr\/wp-json\/wp\/v2\/comments?post=12823"}],"version-history":[{"count":0,"href":"https:\/\/hansa-flex.ch\/fr\/wp-json\/wp\/v2\/pages\/12823\/revisions"}],"up":[{"embeddable":true,"href":"https:\/\/hansa-flex.ch\/fr\/wp-json\/wp\/v2\/pages\/12690"}],"wp:featuredmedia":[{"embeddable":true,"href":"https:\/\/hansa-flex.ch\/fr\/wp-json\/wp\/v2\/media\/12824"}],"wp:attachment":[{"href":"https:\/\/hansa-flex.ch\/fr\/wp-json\/wp\/v2\/media?parent=12823"}],"curies":[{"name":"wp","href":"https:\/\/api.w.org\/{rel}","templated":true}]}}