{"id":12836,"date":"2024-03-10T19:33:39","date_gmt":"2024-03-10T18:33:39","guid":{"rendered":"https:\/\/hansa-flex.ch\/company\/responsibility-and-social-commitment\/"},"modified":"2024-05-13T20:50:50","modified_gmt":"2024-05-13T18:50:50","slug":"responsabilite-et-engagement-social","status":"publish","type":"page","link":"https:\/\/hansa-flex.ch\/fr\/company\/responsabilite-et-engagement-social\/","title":{"rendered":"Responsabilit\u00e9 et engagement social"},"content":{"rendered":"\n<p>Pour HANSA-FLEX, entreprise familiale g\u00e9r\u00e9e par ses propri\u00e9taires, l&#8217;engagement social envers les personnes et la soci\u00e9t\u00e9 a toujours \u00e9t\u00e9 un principe fondamental. En plus de soutenir des organisations et des projets caritatifs, l&#8217;entreprise encourage le sport, l&#8217;\u00e9ducation et le dialogue interculturel.<\/p>\n","protected":false},"excerpt":{"rendered":"<p>Pour HANSA-FLEX, entreprise familiale g\u00e9r\u00e9e par ses propri\u00e9taires, l&#8217;engagement social envers les personnes et la soci\u00e9t\u00e9 a toujours \u00e9t\u00e9 un principe fondamental. En plus de soutenir des organisations et des projets caritatifs, l&#8217;entreprise encourage le sport, l&#8217;\u00e9ducation et le dialogue interculturel.<\/p>\n","protected":false},"author":1,"featured_media":12838,"parent":22307,"menu_order":0,"comment_status":"closed","ping_status":"closed","template":"","meta":{"_acf_changed":true,"footnotes":""},"class_list":["post-12836","page","type-page","status-publish","has-post-thumbnail","hentry"],"acf":[],"_links":{"self":[{"href":"https:\/\/hansa-flex.ch\/fr\/wp-json\/wp\/v2\/pages\/12836","targetHints":{"allow":["GET"]}}],"collection":[{"href":"https:\/\/hansa-flex.ch\/fr\/wp-json\/wp\/v2\/pages"}],"about":[{"href":"https:\/\/hansa-flex.ch\/fr\/wp-json\/wp\/v2\/types\/page"}],"author":[{"embeddable":true,"href":"https:\/\/hansa-flex.ch\/fr\/wp-json\/wp\/v2\/users\/1"}],"replies":[{"embeddable":true,"href":"https:\/\/hansa-flex.ch\/fr\/wp-json\/wp\/v2\/comments?post=12836"}],"version-history":[{"count":0,"href":"https:\/\/hansa-flex.ch\/fr\/wp-json\/wp\/v2\/pages\/12836\/revisions"}],"up":[{"embeddable":true,"href":"https:\/\/hansa-flex.ch\/fr\/wp-json\/wp\/v2\/pages\/22307"}],"wp:featuredmedia":[{"embeddable":true,"href":"https:\/\/hansa-flex.ch\/fr\/wp-json\/wp\/v2\/media\/12838"}],"wp:attachment":[{"href":"https:\/\/hansa-flex.ch\/fr\/wp-json\/wp\/v2\/media?parent=12836"}],"curies":[{"name":"wp","href":"https:\/\/api.w.org\/{rel}","templated":true}]}}