{"id":12853,"date":"2024-03-10T19:46:47","date_gmt":"2024-03-10T18:46:47","guid":{"rendered":"https:\/\/hansa-flex.ch\/company\/responsibility-and-social-commitment\/diversity\/"},"modified":"2024-05-13T20:53:12","modified_gmt":"2024-05-13T18:53:12","slug":"diversite","status":"publish","type":"page","link":"https:\/\/hansa-flex.ch\/fr\/company\/responsabilite-et-engagement-social\/diversite\/","title":{"rendered":"Diversit\u00e9"},"content":{"rendered":"\n<p>HANSA-FLEX s&#8217;engage en faveur de la diversit\u00e9 et de la tol\u00e9rance et montre l&#8217;exemple contre la x\u00e9nophobie et le racisme.<\/p>\n","protected":false},"excerpt":{"rendered":"<p>HANSA-FLEX s&#8217;engage en faveur de la diversit\u00e9 et de la tol\u00e9rance et montre l&#8217;exemple contre la x\u00e9nophobie et le racisme.<\/p>\n","protected":false},"author":1,"featured_media":12854,"parent":12836,"menu_order":0,"comment_status":"closed","ping_status":"closed","template":"","meta":{"_acf_changed":true,"footnotes":""},"class_list":["post-12853","page","type-page","status-publish","has-post-thumbnail","hentry"],"acf":[],"_links":{"self":[{"href":"https:\/\/hansa-flex.ch\/fr\/wp-json\/wp\/v2\/pages\/12853","targetHints":{"allow":["GET"]}}],"collection":[{"href":"https:\/\/hansa-flex.ch\/fr\/wp-json\/wp\/v2\/pages"}],"about":[{"href":"https:\/\/hansa-flex.ch\/fr\/wp-json\/wp\/v2\/types\/page"}],"author":[{"embeddable":true,"href":"https:\/\/hansa-flex.ch\/fr\/wp-json\/wp\/v2\/users\/1"}],"replies":[{"embeddable":true,"href":"https:\/\/hansa-flex.ch\/fr\/wp-json\/wp\/v2\/comments?post=12853"}],"version-history":[{"count":0,"href":"https:\/\/hansa-flex.ch\/fr\/wp-json\/wp\/v2\/pages\/12853\/revisions"}],"up":[{"embeddable":true,"href":"https:\/\/hansa-flex.ch\/fr\/wp-json\/wp\/v2\/pages\/12836"}],"wp:featuredmedia":[{"embeddable":true,"href":"https:\/\/hansa-flex.ch\/fr\/wp-json\/wp\/v2\/media\/12854"}],"wp:attachment":[{"href":"https:\/\/hansa-flex.ch\/fr\/wp-json\/wp\/v2\/media?parent=12853"}],"curies":[{"name":"wp","href":"https:\/\/api.w.org\/{rel}","templated":true}]}}