{"id":12875,"date":"2024-03-10T13:17:32","date_gmt":"2024-03-10T12:17:32","guid":{"rendered":"https:\/\/hansa-flex.ch\/company\/management\/"},"modified":"2026-03-16T13:16:20","modified_gmt":"2026-03-16T12:16:20","slug":"gestion","status":"publish","type":"page","link":"https:\/\/hansa-flex.ch\/fr\/company\/gestion\/","title":{"rendered":"Gestion"},"content":{"rendered":"\n<p>Depuis 1962, le nom HANSA-FLEX est synonyme de qualit\u00e9 et d&#8217;innovation. M\u00eame en tant qu&#8217;entreprise active \u00e0 l&#8217;\u00e9chelle mondiale, avec une expansion internationale et un portefeuille de produits en constante augmentation, HANSA-FLEX est toujours &#8211; et se consid\u00e9rera toujours &#8211; comme une entreprise familiale. La gestion strat\u00e9gique de l&#8217;entreprise est confi\u00e9e \u00e0 un conseil d&#8217;administration compos\u00e9 de trois membres et dirig\u00e9 par Thomas Armerding, fils du fondateur de l&#8217;entreprise, Joachim Armerding.<\/p>\n","protected":false},"excerpt":{"rendered":"<p>Depuis 1962, le nom HANSA-FLEX est synonyme de qualit\u00e9 et d&#8217;innovation. M\u00eame en tant qu&#8217;entreprise active \u00e0 l&#8217;\u00e9chelle mondiale, avec une expansion internationale et un portefeuille de produits en constante augmentation, HANSA-FLEX est toujours &#8211; et se consid\u00e9rera toujours &#8211; comme une entreprise familiale. La gestion strat\u00e9gique de l&#8217;entreprise est confi\u00e9e \u00e0 un conseil d&#8217;administration [&hellip;]<\/p>\n","protected":false},"author":1,"featured_media":23700,"parent":22307,"menu_order":1,"comment_status":"closed","ping_status":"closed","template":"","meta":{"_acf_changed":true,"footnotes":""},"class_list":["post-12875","page","type-page","status-publish","has-post-thumbnail","hentry"],"acf":[],"_links":{"self":[{"href":"https:\/\/hansa-flex.ch\/fr\/wp-json\/wp\/v2\/pages\/12875","targetHints":{"allow":["GET"]}}],"collection":[{"href":"https:\/\/hansa-flex.ch\/fr\/wp-json\/wp\/v2\/pages"}],"about":[{"href":"https:\/\/hansa-flex.ch\/fr\/wp-json\/wp\/v2\/types\/page"}],"author":[{"embeddable":true,"href":"https:\/\/hansa-flex.ch\/fr\/wp-json\/wp\/v2\/users\/1"}],"replies":[{"embeddable":true,"href":"https:\/\/hansa-flex.ch\/fr\/wp-json\/wp\/v2\/comments?post=12875"}],"version-history":[{"count":0,"href":"https:\/\/hansa-flex.ch\/fr\/wp-json\/wp\/v2\/pages\/12875\/revisions"}],"up":[{"embeddable":true,"href":"https:\/\/hansa-flex.ch\/fr\/wp-json\/wp\/v2\/pages\/22307"}],"wp:featuredmedia":[{"embeddable":true,"href":"https:\/\/hansa-flex.ch\/fr\/wp-json\/wp\/v2\/media\/23700"}],"wp:attachment":[{"href":"https:\/\/hansa-flex.ch\/fr\/wp-json\/wp\/v2\/media?parent=12875"}],"curies":[{"name":"wp","href":"https:\/\/api.w.org\/{rel}","templated":true}]}}