{"id":12896,"date":"2024-03-10T18:53:24","date_gmt":"2024-03-10T17:53:24","guid":{"rendered":"https:\/\/hansa-flex.ch\/company\/mission-statement-and-values\/"},"modified":"2024-05-13T20:54:36","modified_gmt":"2024-05-13T18:54:36","slug":"declaration-de-mission-et-valeurs","status":"publish","type":"page","link":"https:\/\/hansa-flex.ch\/fr\/company\/declaration-de-mission-et-valeurs\/","title":{"rendered":"D\u00e9claration de mission et valeurs"},"content":{"rendered":"\n<p>La d\u00e9claration de mission de HANSA-FLEX constitue le cadre d&#8217;orientation pour les actions quotidiennes de tous les employ\u00e9s dans le monde entier. Les valeurs et principes de l&#8217;entreprise ont \u00e9t\u00e9 \u00e9labor\u00e9s dans le cadre d&#8217;ateliers communs par les employ\u00e9s, les dirigeants et les familles propri\u00e9taires. Avec le code de conduite de HANSA-FLEX, nous disposons d&#8217;un cadre de valeurs stable qui constitue la base de notre culture d&#8217;entreprise.<\/p>\n","protected":false},"excerpt":{"rendered":"<p>La d\u00e9claration de mission de HANSA-FLEX constitue le cadre d&#8217;orientation pour les actions quotidiennes de tous les employ\u00e9s dans le monde entier. Les valeurs et principes de l&#8217;entreprise ont \u00e9t\u00e9 \u00e9labor\u00e9s dans le cadre d&#8217;ateliers communs par les employ\u00e9s, les dirigeants et les familles propri\u00e9taires. Avec le code de conduite de HANSA-FLEX, nous disposons d&#8217;un [&hellip;]<\/p>\n","protected":false},"author":1,"featured_media":12899,"parent":22307,"menu_order":6,"comment_status":"closed","ping_status":"closed","template":"","meta":{"_acf_changed":true,"footnotes":""},"class_list":["post-12896","page","type-page","status-publish","has-post-thumbnail","hentry"],"acf":[],"_links":{"self":[{"href":"https:\/\/hansa-flex.ch\/fr\/wp-json\/wp\/v2\/pages\/12896","targetHints":{"allow":["GET"]}}],"collection":[{"href":"https:\/\/hansa-flex.ch\/fr\/wp-json\/wp\/v2\/pages"}],"about":[{"href":"https:\/\/hansa-flex.ch\/fr\/wp-json\/wp\/v2\/types\/page"}],"author":[{"embeddable":true,"href":"https:\/\/hansa-flex.ch\/fr\/wp-json\/wp\/v2\/users\/1"}],"replies":[{"embeddable":true,"href":"https:\/\/hansa-flex.ch\/fr\/wp-json\/wp\/v2\/comments?post=12896"}],"version-history":[{"count":0,"href":"https:\/\/hansa-flex.ch\/fr\/wp-json\/wp\/v2\/pages\/12896\/revisions"}],"up":[{"embeddable":true,"href":"https:\/\/hansa-flex.ch\/fr\/wp-json\/wp\/v2\/pages\/22307"}],"wp:featuredmedia":[{"embeddable":true,"href":"https:\/\/hansa-flex.ch\/fr\/wp-json\/wp\/v2\/media\/12899"}],"wp:attachment":[{"href":"https:\/\/hansa-flex.ch\/fr\/wp-json\/wp\/v2\/media?parent=12896"}],"curies":[{"name":"wp","href":"https:\/\/api.w.org\/{rel}","templated":true}]}}