{"id":12936,"date":"2024-03-27T10:26:36","date_gmt":"2024-03-27T09:26:36","guid":{"rendered":"https:\/\/hansa-flex.ch\/magazine\/archive\/2018-2\/"},"modified":"2024-05-13T20:56:35","modified_gmt":"2024-05-13T18:56:35","slug":"2018-2","status":"publish","type":"page","link":"https:\/\/hansa-flex.ch\/fr\/magazine\/archives\/2018-2\/","title":{"rendered":"2018"},"content":{"rendered":"\n<p>Aujourd&#8217;hui, la PRESSE HYDRAULIQUE repr\u00e9sente un magazine professionnel qui traite principalement des d\u00e9fis, des solutions et des applications dans le domaine de la technique des fluides. Car l&#8217;hydraulique, c&#8217;est HANSA-FLEX ! Vous pouvez vous abonner gratuitement \u00e0 notre magazine. Nous vous proposons \u00e9galement chaque num\u00e9ro ici sous forme de document PDF. Il est paru en 2018 dans une \u00e9dition allemande-anglaise.<\/p>\n","protected":false},"excerpt":{"rendered":"<p>Aujourd&#8217;hui, la PRESSE HYDRAULIQUE repr\u00e9sente un magazine professionnel qui traite principalement des d\u00e9fis, des solutions et des applications dans le domaine de la technique des fluides. Car l&#8217;hydraulique, c&#8217;est HANSA-FLEX ! Vous pouvez vous abonner gratuitement \u00e0 notre magazine. Nous vous proposons \u00e9galement chaque num\u00e9ro ici sous forme de document PDF. Il est paru en [&hellip;]<\/p>\n","protected":false},"author":3,"featured_media":12926,"parent":12925,"menu_order":0,"comment_status":"closed","ping_status":"closed","template":"","meta":{"_acf_changed":true,"footnotes":""},"class_list":["post-12936","page","type-page","status-publish","has-post-thumbnail","hentry"],"acf":[],"_links":{"self":[{"href":"https:\/\/hansa-flex.ch\/fr\/wp-json\/wp\/v2\/pages\/12936","targetHints":{"allow":["GET"]}}],"collection":[{"href":"https:\/\/hansa-flex.ch\/fr\/wp-json\/wp\/v2\/pages"}],"about":[{"href":"https:\/\/hansa-flex.ch\/fr\/wp-json\/wp\/v2\/types\/page"}],"author":[{"embeddable":true,"href":"https:\/\/hansa-flex.ch\/fr\/wp-json\/wp\/v2\/users\/3"}],"replies":[{"embeddable":true,"href":"https:\/\/hansa-flex.ch\/fr\/wp-json\/wp\/v2\/comments?post=12936"}],"version-history":[{"count":0,"href":"https:\/\/hansa-flex.ch\/fr\/wp-json\/wp\/v2\/pages\/12936\/revisions"}],"up":[{"embeddable":true,"href":"https:\/\/hansa-flex.ch\/fr\/wp-json\/wp\/v2\/pages\/12925"}],"wp:featuredmedia":[{"embeddable":true,"href":"https:\/\/hansa-flex.ch\/fr\/wp-json\/wp\/v2\/media\/12926"}],"wp:attachment":[{"href":"https:\/\/hansa-flex.ch\/fr\/wp-json\/wp\/v2\/media?parent=12936"}],"curies":[{"name":"wp","href":"https:\/\/api.w.org\/{rel}","templated":true}]}}