{"id":12949,"date":"2024-03-27T10:21:40","date_gmt":"2024-03-27T09:21:40","guid":{"rendered":"https:\/\/hansa-flex.ch\/magazine\/archive\/2019-2\/"},"modified":"2024-05-13T20:57:07","modified_gmt":"2024-05-13T18:57:07","slug":"2019-2","status":"publish","type":"page","link":"https:\/\/hansa-flex.ch\/fr\/magazine\/archives\/2019-2\/","title":{"rendered":"2019"},"content":{"rendered":"\n<p>Aujourd&#8217;hui, HYDRAULIKPRESSE est un magazine professionnel qui traite principalement des d\u00e9fis, des solutions et des applications dans le domaine de la technologie des fluides. Parce que l&#8217;hydraulique, c&#8217;est HANSA-FLEX ! Vous pouvez vous abonner gratuitement \u00e0 notre magazine. Nous vous proposons \u00e9galement chaque num\u00e9ro sous forme de document PDF. Il a \u00e9t\u00e9 publi\u00e9 en 2019 dans une \u00e9dition allemande-anglaise.<\/p>\n","protected":false},"excerpt":{"rendered":"<p>Aujourd&#8217;hui, HYDRAULIKPRESSE est un magazine professionnel qui traite principalement des d\u00e9fis, des solutions et des applications dans le domaine de la technologie des fluides. Parce que l&#8217;hydraulique, c&#8217;est HANSA-FLEX ! Vous pouvez vous abonner gratuitement \u00e0 notre magazine. Nous vous proposons \u00e9galement chaque num\u00e9ro sous forme de document PDF. Il a \u00e9t\u00e9 publi\u00e9 en 2019 [&hellip;]<\/p>\n","protected":false},"author":3,"featured_media":12926,"parent":12925,"menu_order":0,"comment_status":"closed","ping_status":"closed","template":"","meta":{"_acf_changed":true,"footnotes":""},"class_list":["post-12949","page","type-page","status-publish","has-post-thumbnail","hentry"],"acf":[],"_links":{"self":[{"href":"https:\/\/hansa-flex.ch\/fr\/wp-json\/wp\/v2\/pages\/12949","targetHints":{"allow":["GET"]}}],"collection":[{"href":"https:\/\/hansa-flex.ch\/fr\/wp-json\/wp\/v2\/pages"}],"about":[{"href":"https:\/\/hansa-flex.ch\/fr\/wp-json\/wp\/v2\/types\/page"}],"author":[{"embeddable":true,"href":"https:\/\/hansa-flex.ch\/fr\/wp-json\/wp\/v2\/users\/3"}],"replies":[{"embeddable":true,"href":"https:\/\/hansa-flex.ch\/fr\/wp-json\/wp\/v2\/comments?post=12949"}],"version-history":[{"count":0,"href":"https:\/\/hansa-flex.ch\/fr\/wp-json\/wp\/v2\/pages\/12949\/revisions"}],"up":[{"embeddable":true,"href":"https:\/\/hansa-flex.ch\/fr\/wp-json\/wp\/v2\/pages\/12925"}],"wp:featuredmedia":[{"embeddable":true,"href":"https:\/\/hansa-flex.ch\/fr\/wp-json\/wp\/v2\/media\/12926"}],"wp:attachment":[{"href":"https:\/\/hansa-flex.ch\/fr\/wp-json\/wp\/v2\/media?parent=12949"}],"curies":[{"name":"wp","href":"https:\/\/api.w.org\/{rel}","templated":true}]}}