{"id":12961,"date":"2024-03-27T10:15:38","date_gmt":"2024-03-27T09:15:38","guid":{"rendered":"https:\/\/hansa-flex.ch\/magazine\/archive\/2020-2\/"},"modified":"2024-05-13T20:58:13","modified_gmt":"2024-05-13T18:58:13","slug":"2020-2","status":"publish","type":"page","link":"https:\/\/hansa-flex.ch\/fr\/magazine\/archives\/2020-2\/","title":{"rendered":"2020"},"content":{"rendered":"\n<p>Aujourd&#8217;hui, Hydraulikpresse est un magazine professionnel qui se concentre principalement sur les d\u00e9fis, les solutions et les applications dans le domaine de la technologie des fluides. Parce que l&#8217;hydraulique, c&#8217;est HANSA-FLEX ! Vous pouvez vous abonner gratuitement \u00e0 notre magazine. Nous proposons \u00e9galement chaque num\u00e9ro sous forme de document PDF. Il a \u00e9t\u00e9 publi\u00e9 en 2020 dans une \u00e9dition allemande-anglaise.<\/p>\n","protected":false},"excerpt":{"rendered":"<p>Aujourd&#8217;hui, Hydraulikpresse est un magazine professionnel qui se concentre principalement sur les d\u00e9fis, les solutions et les applications dans le domaine de la technologie des fluides. Parce que l&#8217;hydraulique, c&#8217;est HANSA-FLEX ! Vous pouvez vous abonner gratuitement \u00e0 notre magazine. Nous proposons \u00e9galement chaque num\u00e9ro sous forme de document PDF. Il a \u00e9t\u00e9 publi\u00e9 en [&hellip;]<\/p>\n","protected":false},"author":3,"featured_media":12926,"parent":12925,"menu_order":0,"comment_status":"closed","ping_status":"closed","template":"","meta":{"_acf_changed":true,"footnotes":""},"class_list":["post-12961","page","type-page","status-publish","has-post-thumbnail","hentry"],"acf":[],"_links":{"self":[{"href":"https:\/\/hansa-flex.ch\/fr\/wp-json\/wp\/v2\/pages\/12961","targetHints":{"allow":["GET"]}}],"collection":[{"href":"https:\/\/hansa-flex.ch\/fr\/wp-json\/wp\/v2\/pages"}],"about":[{"href":"https:\/\/hansa-flex.ch\/fr\/wp-json\/wp\/v2\/types\/page"}],"author":[{"embeddable":true,"href":"https:\/\/hansa-flex.ch\/fr\/wp-json\/wp\/v2\/users\/3"}],"replies":[{"embeddable":true,"href":"https:\/\/hansa-flex.ch\/fr\/wp-json\/wp\/v2\/comments?post=12961"}],"version-history":[{"count":0,"href":"https:\/\/hansa-flex.ch\/fr\/wp-json\/wp\/v2\/pages\/12961\/revisions"}],"up":[{"embeddable":true,"href":"https:\/\/hansa-flex.ch\/fr\/wp-json\/wp\/v2\/pages\/12925"}],"wp:featuredmedia":[{"embeddable":true,"href":"https:\/\/hansa-flex.ch\/fr\/wp-json\/wp\/v2\/media\/12926"}],"wp:attachment":[{"href":"https:\/\/hansa-flex.ch\/fr\/wp-json\/wp\/v2\/media?parent=12961"}],"curies":[{"name":"wp","href":"https:\/\/api.w.org\/{rel}","templated":true}]}}