{"id":12996,"date":"2024-03-26T17:33:30","date_gmt":"2024-03-26T16:33:30","guid":{"rendered":"https:\/\/hansa-flex.ch\/magazine\/archive\/december-2023\/"},"modified":"2024-05-30T21:35:19","modified_gmt":"2024-05-30T19:35:19","slug":"decembre-2023","status":"publish","type":"page","link":"https:\/\/hansa-flex.ch\/fr\/magazine\/archives\/decembre-2023\/","title":{"rendered":"D\u00e9cembre 2023"},"content":{"rendered":"\n<p>Nous sommes ravis de vous pr\u00e9senter le num\u00e9ro 204 en d\u00e9cembre 2023 ! Pouvez-vous rep\u00e9rer ce qui se cache sur la couverture ? D\u00e9couvrez-le ci-dessous.<\/p>\n","protected":false},"excerpt":{"rendered":"<p>Nous sommes ravis de vous pr\u00e9senter le num\u00e9ro 204 en d\u00e9cembre 2023 ! Pouvez-vous rep\u00e9rer ce qui se cache sur la couverture ? D\u00e9couvrez-le ci-dessous.<\/p>\n","protected":false},"author":3,"featured_media":12997,"parent":12925,"menu_order":0,"comment_status":"closed","ping_status":"closed","template":"","meta":{"_acf_changed":true,"footnotes":""},"class_list":["post-12996","page","type-page","status-publish","has-post-thumbnail","hentry"],"acf":[],"_links":{"self":[{"href":"https:\/\/hansa-flex.ch\/fr\/wp-json\/wp\/v2\/pages\/12996","targetHints":{"allow":["GET"]}}],"collection":[{"href":"https:\/\/hansa-flex.ch\/fr\/wp-json\/wp\/v2\/pages"}],"about":[{"href":"https:\/\/hansa-flex.ch\/fr\/wp-json\/wp\/v2\/types\/page"}],"author":[{"embeddable":true,"href":"https:\/\/hansa-flex.ch\/fr\/wp-json\/wp\/v2\/users\/3"}],"replies":[{"embeddable":true,"href":"https:\/\/hansa-flex.ch\/fr\/wp-json\/wp\/v2\/comments?post=12996"}],"version-history":[{"count":0,"href":"https:\/\/hansa-flex.ch\/fr\/wp-json\/wp\/v2\/pages\/12996\/revisions"}],"up":[{"embeddable":true,"href":"https:\/\/hansa-flex.ch\/fr\/wp-json\/wp\/v2\/pages\/12925"}],"wp:featuredmedia":[{"embeddable":true,"href":"https:\/\/hansa-flex.ch\/fr\/wp-json\/wp\/v2\/media\/12997"}],"wp:attachment":[{"href":"https:\/\/hansa-flex.ch\/fr\/wp-json\/wp\/v2\/media?parent=12996"}],"curies":[{"name":"wp","href":"https:\/\/api.w.org\/{rel}","templated":true}]}}