{"id":13009,"date":"2024-03-26T17:41:44","date_gmt":"2024-03-26T16:41:44","guid":{"rendered":"https:\/\/hansa-flex.ch\/magazine\/archive\/september-2023\/"},"modified":"2024-05-13T21:01:47","modified_gmt":"2024-05-13T19:01:47","slug":"september-2023","status":"publish","type":"page","link":"https:\/\/hansa-flex.ch\/fr\/magazine\/archives\/september-2023\/","title":{"rendered":"September 2023"},"content":{"rendered":"\n<p>La PRESSE HYDRAULIQUE est d\u00e9sormais disponible pour vous en tant que magazine en ligne. Nous sommes heureux de vous pr\u00e9senter le num\u00e9ro #203 en septembre 2023.<\/p>\n","protected":false},"excerpt":{"rendered":"<p>La PRESSE HYDRAULIQUE est d\u00e9sormais disponible pour vous en tant que magazine en ligne. Nous sommes heureux de vous pr\u00e9senter le num\u00e9ro #203 en septembre 2023.<\/p>\n","protected":false},"author":3,"featured_media":13010,"parent":12925,"menu_order":0,"comment_status":"closed","ping_status":"closed","template":"","meta":{"_acf_changed":true,"footnotes":""},"class_list":["post-13009","page","type-page","status-publish","has-post-thumbnail","hentry"],"acf":[],"_links":{"self":[{"href":"https:\/\/hansa-flex.ch\/fr\/wp-json\/wp\/v2\/pages\/13009","targetHints":{"allow":["GET"]}}],"collection":[{"href":"https:\/\/hansa-flex.ch\/fr\/wp-json\/wp\/v2\/pages"}],"about":[{"href":"https:\/\/hansa-flex.ch\/fr\/wp-json\/wp\/v2\/types\/page"}],"author":[{"embeddable":true,"href":"https:\/\/hansa-flex.ch\/fr\/wp-json\/wp\/v2\/users\/3"}],"replies":[{"embeddable":true,"href":"https:\/\/hansa-flex.ch\/fr\/wp-json\/wp\/v2\/comments?post=13009"}],"version-history":[{"count":0,"href":"https:\/\/hansa-flex.ch\/fr\/wp-json\/wp\/v2\/pages\/13009\/revisions"}],"up":[{"embeddable":true,"href":"https:\/\/hansa-flex.ch\/fr\/wp-json\/wp\/v2\/pages\/12925"}],"wp:featuredmedia":[{"embeddable":true,"href":"https:\/\/hansa-flex.ch\/fr\/wp-json\/wp\/v2\/media\/13010"}],"wp:attachment":[{"href":"https:\/\/hansa-flex.ch\/fr\/wp-json\/wp\/v2\/media?parent=13009"}],"curies":[{"name":"wp","href":"https:\/\/api.w.org\/{rel}","templated":true}]}}