{"id":13021,"date":"2024-03-26T17:10:12","date_gmt":"2024-03-26T16:10:12","guid":{"rendered":"https:\/\/hansa-flex.ch\/magazine\/current-issue\/"},"modified":"2024-05-13T21:05:27","modified_gmt":"2024-05-13T19:05:27","slug":"numero-actuel","status":"publish","type":"page","link":"https:\/\/hansa-flex.ch\/fr\/magazine\/numero-actuel\/","title":{"rendered":"Num\u00e9ro actuel"},"content":{"rendered":"\n<p>Nous sommes ravis de vous pr\u00e9senter le num\u00e9ro 205 en mars 2024 ! Pouvez-vous rep\u00e9rer ce qui se cache sur la couverture ? D\u00e9couvrez-le ci-dessous.<\/p>\n\n\n\n<p><\/p>\n","protected":false},"excerpt":{"rendered":"<p>Nous sommes ravis de vous pr\u00e9senter le num\u00e9ro 205 en mars 2024 ! Pouvez-vous rep\u00e9rer ce qui se cache sur la couverture ? D\u00e9couvrez-le ci-dessous.<\/p>\n","protected":false},"author":3,"featured_media":13022,"parent":12918,"menu_order":0,"comment_status":"closed","ping_status":"closed","template":"","meta":{"_acf_changed":true,"footnotes":""},"class_list":["post-13021","page","type-page","status-publish","has-post-thumbnail","hentry"],"acf":[],"_links":{"self":[{"href":"https:\/\/hansa-flex.ch\/fr\/wp-json\/wp\/v2\/pages\/13021","targetHints":{"allow":["GET"]}}],"collection":[{"href":"https:\/\/hansa-flex.ch\/fr\/wp-json\/wp\/v2\/pages"}],"about":[{"href":"https:\/\/hansa-flex.ch\/fr\/wp-json\/wp\/v2\/types\/page"}],"author":[{"embeddable":true,"href":"https:\/\/hansa-flex.ch\/fr\/wp-json\/wp\/v2\/users\/3"}],"replies":[{"embeddable":true,"href":"https:\/\/hansa-flex.ch\/fr\/wp-json\/wp\/v2\/comments?post=13021"}],"version-history":[{"count":0,"href":"https:\/\/hansa-flex.ch\/fr\/wp-json\/wp\/v2\/pages\/13021\/revisions"}],"up":[{"embeddable":true,"href":"https:\/\/hansa-flex.ch\/fr\/wp-json\/wp\/v2\/pages\/12918"}],"wp:featuredmedia":[{"embeddable":true,"href":"https:\/\/hansa-flex.ch\/fr\/wp-json\/wp\/v2\/media\/13022"}],"wp:attachment":[{"href":"https:\/\/hansa-flex.ch\/fr\/wp-json\/wp\/v2\/media?parent=13021"}],"curies":[{"name":"wp","href":"https:\/\/api.w.org\/{rel}","templated":true}]}}