{"id":13032,"date":"2024-03-11T15:26:28","date_gmt":"2024-03-11T14:26:28","guid":{"rendered":"https:\/\/hansa-flex.ch\/online-shop\/"},"modified":"2024-06-10T11:30:56","modified_gmt":"2024-06-10T09:30:56","slug":"boutique-en-ligne","status":"publish","type":"page","link":"https:\/\/hansa-flex.ch\/fr\/boutique-en-ligne\/","title":{"rendered":"Boutique en ligne"},"content":{"rendered":"\n<p>La boutique en ligne HANSA-FLEX permet de s\u00e9lectionner et de commander des produits rapidement et facilement. Plus de 80 000 articles sont clairement r\u00e9pertori\u00e9s par cat\u00e9gories. La vaste gamme de produits et la grande convivialit\u00e9 de la boutique en ligne HANSA-FLEX sont des atouts majeurs. Les utilisateurs enregistr\u00e9s peuvent configurer la boutique en ligne en fonction de leurs pr\u00e9f\u00e9rences personnelles. D\u00e9couvrez la boutique en ligne HANSA-FLEX et r\u00e9pondez \u00e0 tous vos besoins en mati\u00e8re de technologie des fluides !<\/p>\n","protected":false},"excerpt":{"rendered":"<p>La boutique en ligne HANSA-FLEX permet de s\u00e9lectionner et de commander des produits rapidement et facilement. Plus de 80 000 articles sont clairement r\u00e9pertori\u00e9s par cat\u00e9gories. La vaste gamme de produits et la grande convivialit\u00e9 de la boutique en ligne HANSA-FLEX sont des atouts majeurs. Les utilisateurs enregistr\u00e9s peuvent configurer la boutique en ligne en [&hellip;]<\/p>\n","protected":false},"author":1,"featured_media":13034,"parent":0,"menu_order":0,"comment_status":"closed","ping_status":"closed","template":"","meta":{"_acf_changed":true,"footnotes":""},"class_list":["post-13032","page","type-page","status-publish","has-post-thumbnail","hentry"],"acf":[],"_links":{"self":[{"href":"https:\/\/hansa-flex.ch\/fr\/wp-json\/wp\/v2\/pages\/13032","targetHints":{"allow":["GET"]}}],"collection":[{"href":"https:\/\/hansa-flex.ch\/fr\/wp-json\/wp\/v2\/pages"}],"about":[{"href":"https:\/\/hansa-flex.ch\/fr\/wp-json\/wp\/v2\/types\/page"}],"author":[{"embeddable":true,"href":"https:\/\/hansa-flex.ch\/fr\/wp-json\/wp\/v2\/users\/1"}],"replies":[{"embeddable":true,"href":"https:\/\/hansa-flex.ch\/fr\/wp-json\/wp\/v2\/comments?post=13032"}],"version-history":[{"count":0,"href":"https:\/\/hansa-flex.ch\/fr\/wp-json\/wp\/v2\/pages\/13032\/revisions"}],"wp:featuredmedia":[{"embeddable":true,"href":"https:\/\/hansa-flex.ch\/fr\/wp-json\/wp\/v2\/media\/13034"}],"wp:attachment":[{"href":"https:\/\/hansa-flex.ch\/fr\/wp-json\/wp\/v2\/media?parent=13032"}],"curies":[{"name":"wp","href":"https:\/\/api.w.org\/{rel}","templated":true}]}}