{"id":13045,"date":"2024-03-18T17:48:17","date_gmt":"2024-03-18T16:48:17","guid":{"rendered":"https:\/\/hansa-flex.ch\/preformed-hoses\/"},"modified":"2024-05-14T18:10:31","modified_gmt":"2024-05-14T16:10:31","slug":"tuyaux-preformes","status":"publish","type":"page","link":"https:\/\/hansa-flex.ch\/fr\/tuyaux-preformes\/","title":{"rendered":"Tuyaux pr\u00e9form\u00e9s"},"content":{"rendered":"\n<p>Les tuyaux pr\u00e9form\u00e9s sont g\u00e9n\u00e9ralement utilis\u00e9s lorsque les tuyaux conventionnels ne peuvent pas \u00eatre utilis\u00e9s en raison d&#8217;un espace d&#8217;installation restreint. Par exemple, dans les situations o\u00f9 un tuyau transportant du carburant ou du liquide de refroidissement dans des moteurs ou des batteries devrait \u00eatre pli\u00e9 de mani\u00e8re tr\u00e8s prononc\u00e9e, les tuyaux pr\u00e9form\u00e9s de HANSA-FLEX constituent une solution efficace et rentable. Ils sont tr\u00e8s \u00e9lastiques, tr\u00e8s robustes et peuvent \u00eatre fabriqu\u00e9s dans presque n&#8217;importe quelle forme.<\/p>\n","protected":false},"excerpt":{"rendered":"<p>Les tuyaux pr\u00e9form\u00e9s sont g\u00e9n\u00e9ralement utilis\u00e9s lorsque les tuyaux conventionnels ne peuvent pas \u00eatre utilis\u00e9s en raison d&#8217;un espace d&#8217;installation restreint. Par exemple, dans les situations o\u00f9 un tuyau transportant du carburant ou du liquide de refroidissement dans des moteurs ou des batteries devrait \u00eatre pli\u00e9 de mani\u00e8re tr\u00e8s prononc\u00e9e, les tuyaux pr\u00e9form\u00e9s de HANSA-FLEX [&hellip;]<\/p>\n","protected":false},"author":3,"featured_media":13048,"parent":0,"menu_order":0,"comment_status":"closed","ping_status":"closed","template":"","meta":{"_acf_changed":true,"footnotes":""},"class_list":["post-13045","page","type-page","status-publish","has-post-thumbnail","hentry"],"acf":[],"_links":{"self":[{"href":"https:\/\/hansa-flex.ch\/fr\/wp-json\/wp\/v2\/pages\/13045","targetHints":{"allow":["GET"]}}],"collection":[{"href":"https:\/\/hansa-flex.ch\/fr\/wp-json\/wp\/v2\/pages"}],"about":[{"href":"https:\/\/hansa-flex.ch\/fr\/wp-json\/wp\/v2\/types\/page"}],"author":[{"embeddable":true,"href":"https:\/\/hansa-flex.ch\/fr\/wp-json\/wp\/v2\/users\/3"}],"replies":[{"embeddable":true,"href":"https:\/\/hansa-flex.ch\/fr\/wp-json\/wp\/v2\/comments?post=13045"}],"version-history":[{"count":0,"href":"https:\/\/hansa-flex.ch\/fr\/wp-json\/wp\/v2\/pages\/13045\/revisions"}],"wp:featuredmedia":[{"embeddable":true,"href":"https:\/\/hansa-flex.ch\/fr\/wp-json\/wp\/v2\/media\/13048"}],"wp:attachment":[{"href":"https:\/\/hansa-flex.ch\/fr\/wp-json\/wp\/v2\/media?parent=13045"}],"curies":[{"name":"wp","href":"https:\/\/api.w.org\/{rel}","templated":true}]}}