{"id":13058,"date":"2024-03-11T15:17:51","date_gmt":"2024-03-11T14:17:51","guid":{"rendered":"https:\/\/hansa-flex.ch\/products\/"},"modified":"2024-05-30T22:34:13","modified_gmt":"2024-05-30T20:34:13","slug":"nos-produits","status":"publish","type":"page","link":"https:\/\/hansa-flex.ch\/fr\/nos-produits\/","title":{"rendered":"Nos produits"},"content":{"rendered":"\n<p>HANSA-FLEX est un sp\u00e9cialiste des fluides de premier plan capable de fournir une gamme unique de composants hydrauliques et pneumatiques dans le monde entier : des embouts \u00e0 sertir aux tuyaux et v\u00e9rins industriels, fabriqu\u00e9s en interne ou par des fabricants renomm\u00e9s. Outre son vaste portefeuille de produits standard, HANSA-FLEX propose des solutions personnalis\u00e9es sur mesure, d\u00e9velopp\u00e9es et fabriqu\u00e9es par nos experts exp\u00e9riment\u00e9s en fluides et en hydraulique.<\/p>\n","protected":false},"excerpt":{"rendered":"<p>HANSA-FLEX est un sp\u00e9cialiste des fluides de premier plan capable de fournir une gamme unique de composants hydrauliques et pneumatiques dans le monde entier : des embouts \u00e0 sertir aux tuyaux et v\u00e9rins industriels, fabriqu\u00e9s en interne ou par des fabricants renomm\u00e9s. Outre son vaste portefeuille de produits standard, HANSA-FLEX propose des solutions personnalis\u00e9es sur [&hellip;]<\/p>\n","protected":false},"author":1,"featured_media":13062,"parent":0,"menu_order":0,"comment_status":"closed","ping_status":"closed","template":"","meta":{"_acf_changed":true,"footnotes":""},"class_list":["post-13058","page","type-page","status-publish","has-post-thumbnail","hentry"],"acf":[],"_links":{"self":[{"href":"https:\/\/hansa-flex.ch\/fr\/wp-json\/wp\/v2\/pages\/13058","targetHints":{"allow":["GET"]}}],"collection":[{"href":"https:\/\/hansa-flex.ch\/fr\/wp-json\/wp\/v2\/pages"}],"about":[{"href":"https:\/\/hansa-flex.ch\/fr\/wp-json\/wp\/v2\/types\/page"}],"author":[{"embeddable":true,"href":"https:\/\/hansa-flex.ch\/fr\/wp-json\/wp\/v2\/users\/1"}],"replies":[{"embeddable":true,"href":"https:\/\/hansa-flex.ch\/fr\/wp-json\/wp\/v2\/comments?post=13058"}],"version-history":[{"count":0,"href":"https:\/\/hansa-flex.ch\/fr\/wp-json\/wp\/v2\/pages\/13058\/revisions"}],"wp:featuredmedia":[{"embeddable":true,"href":"https:\/\/hansa-flex.ch\/fr\/wp-json\/wp\/v2\/media\/13062"}],"wp:attachment":[{"href":"https:\/\/hansa-flex.ch\/fr\/wp-json\/wp\/v2\/media?parent=13058"}],"curies":[{"name":"wp","href":"https:\/\/api.w.org\/{rel}","templated":true}]}}