{"id":13070,"date":"2024-03-21T17:38:44","date_gmt":"2024-03-21T16:38:44","guid":{"rendered":"https:\/\/hansa-flex.ch\/products\/approvals\/"},"modified":"2024-05-13T21:10:25","modified_gmt":"2024-05-13T19:10:25","slug":"agrements","status":"publish","type":"page","link":"https:\/\/hansa-flex.ch\/fr\/nos-produits\/agrements\/","title":{"rendered":"Agr\u00e9ments"},"content":{"rendered":"\n<p>HANSA-FLEX dispose d&#8217;un grand nombre d&#8217;agr\u00e9ments nationaux et internationaux et de qualifications de fournisseurs. Les autorit\u00e9s, les clients gouvernementaux, les associations industrielles et les soci\u00e9t\u00e9s de classification renomm\u00e9es confirment et documentent r\u00e9guli\u00e8rement la haute qualit\u00e9 et l&#8217;ad\u00e9quation de nos offres en tant que fabricant, fournisseur et prestataire de services dans le cadre de divers audits et proc\u00e9dures d&#8217;approbation.<\/p>\n","protected":false},"excerpt":{"rendered":"<p>HANSA-FLEX dispose d&#8217;un grand nombre d&#8217;agr\u00e9ments nationaux et internationaux et de qualifications de fournisseurs. Les autorit\u00e9s, les clients gouvernementaux, les associations industrielles et les soci\u00e9t\u00e9s de classification renomm\u00e9es confirment et documentent r\u00e9guli\u00e8rement la haute qualit\u00e9 et l&#8217;ad\u00e9quation de nos offres en tant que fabricant, fournisseur et prestataire de services dans le cadre de divers audits [&hellip;]<\/p>\n","protected":false},"author":3,"featured_media":13073,"parent":13058,"menu_order":0,"comment_status":"closed","ping_status":"closed","template":"","meta":{"_acf_changed":true,"footnotes":""},"class_list":["post-13070","page","type-page","status-publish","has-post-thumbnail","hentry"],"acf":[],"_links":{"self":[{"href":"https:\/\/hansa-flex.ch\/fr\/wp-json\/wp\/v2\/pages\/13070","targetHints":{"allow":["GET"]}}],"collection":[{"href":"https:\/\/hansa-flex.ch\/fr\/wp-json\/wp\/v2\/pages"}],"about":[{"href":"https:\/\/hansa-flex.ch\/fr\/wp-json\/wp\/v2\/types\/page"}],"author":[{"embeddable":true,"href":"https:\/\/hansa-flex.ch\/fr\/wp-json\/wp\/v2\/users\/3"}],"replies":[{"embeddable":true,"href":"https:\/\/hansa-flex.ch\/fr\/wp-json\/wp\/v2\/comments?post=13070"}],"version-history":[{"count":0,"href":"https:\/\/hansa-flex.ch\/fr\/wp-json\/wp\/v2\/pages\/13070\/revisions"}],"up":[{"embeddable":true,"href":"https:\/\/hansa-flex.ch\/fr\/wp-json\/wp\/v2\/pages\/13058"}],"wp:featuredmedia":[{"embeddable":true,"href":"https:\/\/hansa-flex.ch\/fr\/wp-json\/wp\/v2\/media\/13073"}],"wp:attachment":[{"href":"https:\/\/hansa-flex.ch\/fr\/wp-json\/wp\/v2\/media?parent=13070"}],"curies":[{"name":"wp","href":"https:\/\/api.w.org\/{rel}","templated":true}]}}