{"id":13105,"date":"2024-03-20T15:01:52","date_gmt":"2024-03-20T14:01:52","guid":{"rendered":"https:\/\/hansa-flex.ch\/products\/drive-and-control-technology\/"},"modified":"2024-05-30T22:04:13","modified_gmt":"2024-05-30T20:04:13","slug":"technologie-dentrainement-et-de-commande","status":"publish","type":"page","link":"https:\/\/hansa-flex.ch\/fr\/nos-produits\/technologie-dentrainement-et-de-commande\/","title":{"rendered":"Technologie d&#8217;entra\u00eenement et de commande"},"content":{"rendered":"\n<p>Les composants hydrauliques r\u00e9pondent aux normes de qualit\u00e9 les plus strictes chez HANSA-FLEX, o\u00f9 la gestion de la qualit\u00e9 est certifi\u00e9e DIN ISO 9001. La disponibilit\u00e9 est assur\u00e9e par notre entrep\u00f4t, qui stocke plus de 4 500 composants hydrauliques. Nous disposons m\u00eame d&#8217;une s\u00e9lection sp\u00e9ciale de composants pour la gamme 700 bars. Les syst\u00e8mes hydrauliques sont de plus en plus souvent mis en r\u00e9seau avec des commandes \u00e9lectroniques. C&#8217;est pourquoi le portefeuille de produits de HANSA-FLEX comprend \u00e9galement des composants issus de la technologie des valves proportionnelles, des capteurs et de la m\u00e9trologie.<\/p>\n","protected":false},"excerpt":{"rendered":"<p>Les composants hydrauliques r\u00e9pondent aux normes de qualit\u00e9 les plus strictes chez HANSA-FLEX, o\u00f9 la gestion de la qualit\u00e9 est certifi\u00e9e DIN ISO 9001. La disponibilit\u00e9 est assur\u00e9e par notre entrep\u00f4t, qui stocke plus de 4 500 composants hydrauliques. Nous disposons m\u00eame d&#8217;une s\u00e9lection sp\u00e9ciale de composants pour la gamme 700 bars. Les syst\u00e8mes hydrauliques [&hellip;]<\/p>\n","protected":false},"author":3,"featured_media":13106,"parent":13058,"menu_order":0,"comment_status":"closed","ping_status":"closed","template":"","meta":{"_acf_changed":true,"footnotes":""},"class_list":["post-13105","page","type-page","status-publish","has-post-thumbnail","hentry"],"acf":[],"_links":{"self":[{"href":"https:\/\/hansa-flex.ch\/fr\/wp-json\/wp\/v2\/pages\/13105","targetHints":{"allow":["GET"]}}],"collection":[{"href":"https:\/\/hansa-flex.ch\/fr\/wp-json\/wp\/v2\/pages"}],"about":[{"href":"https:\/\/hansa-flex.ch\/fr\/wp-json\/wp\/v2\/types\/page"}],"author":[{"embeddable":true,"href":"https:\/\/hansa-flex.ch\/fr\/wp-json\/wp\/v2\/users\/3"}],"replies":[{"embeddable":true,"href":"https:\/\/hansa-flex.ch\/fr\/wp-json\/wp\/v2\/comments?post=13105"}],"version-history":[{"count":0,"href":"https:\/\/hansa-flex.ch\/fr\/wp-json\/wp\/v2\/pages\/13105\/revisions"}],"up":[{"embeddable":true,"href":"https:\/\/hansa-flex.ch\/fr\/wp-json\/wp\/v2\/pages\/13058"}],"wp:featuredmedia":[{"embeddable":true,"href":"https:\/\/hansa-flex.ch\/fr\/wp-json\/wp\/v2\/media\/13106"}],"wp:attachment":[{"href":"https:\/\/hansa-flex.ch\/fr\/wp-json\/wp\/v2\/media?parent=13105"}],"curies":[{"name":"wp","href":"https:\/\/api.w.org\/{rel}","templated":true}]}}