{"id":13113,"date":"2024-03-21T14:39:54","date_gmt":"2024-03-21T13:39:54","guid":{"rendered":"https:\/\/hansa-flex.ch\/products\/drive-and-control-technology\/700-bar-heavy-load-hydraulics\/"},"modified":"2024-05-30T21:54:51","modified_gmt":"2024-05-30T19:54:51","slug":"hydraulique-700-bars-pour-charges-lourdes","status":"publish","type":"page","link":"https:\/\/hansa-flex.ch\/fr\/nos-produits\/technologie-dentrainement-et-de-commande\/hydraulique-700-bars-pour-charges-lourdes\/","title":{"rendered":"Hydraulique 700 bars pour charges lourdes"},"content":{"rendered":"\n<p>Le d\u00e9placement de charges lourdes impose les exigences les plus \u00e9lev\u00e9es aux composants hydrauliques utilis\u00e9s. HANSA-FLEX propose une gamme de produits s\u00e9lectionn\u00e9s pour l&#8217;hydraulique des charges lourdes avec des pressions allant jusqu&#8217;\u00e0 700 bars et peut fournir des composants personnalis\u00e9s jusqu&#8217;\u00e0 1 000 bars sur demande. Nous vous assistons \u00e9galement dans la s\u00e9lection, la conception et la combinaison des composants afin d&#8217;obtenir des performances maximales et une s\u00e9curit\u00e9 maximale sur le lieu de travail.<\/p>\n","protected":false},"excerpt":{"rendered":"<p>Le d\u00e9placement de charges lourdes impose les exigences les plus \u00e9lev\u00e9es aux composants hydrauliques utilis\u00e9s. HANSA-FLEX propose une gamme de produits s\u00e9lectionn\u00e9s pour l&#8217;hydraulique des charges lourdes avec des pressions allant jusqu&#8217;\u00e0 700 bars et peut fournir des composants personnalis\u00e9s jusqu&#8217;\u00e0 1 000 bars sur demande. Nous vous assistons \u00e9galement dans la s\u00e9lection, la conception [&hellip;]<\/p>\n","protected":false},"author":3,"featured_media":13117,"parent":13105,"menu_order":0,"comment_status":"closed","ping_status":"closed","template":"","meta":{"_acf_changed":true,"footnotes":""},"class_list":["post-13113","page","type-page","status-publish","has-post-thumbnail","hentry"],"acf":[],"_links":{"self":[{"href":"https:\/\/hansa-flex.ch\/fr\/wp-json\/wp\/v2\/pages\/13113","targetHints":{"allow":["GET"]}}],"collection":[{"href":"https:\/\/hansa-flex.ch\/fr\/wp-json\/wp\/v2\/pages"}],"about":[{"href":"https:\/\/hansa-flex.ch\/fr\/wp-json\/wp\/v2\/types\/page"}],"author":[{"embeddable":true,"href":"https:\/\/hansa-flex.ch\/fr\/wp-json\/wp\/v2\/users\/3"}],"replies":[{"embeddable":true,"href":"https:\/\/hansa-flex.ch\/fr\/wp-json\/wp\/v2\/comments?post=13113"}],"version-history":[{"count":0,"href":"https:\/\/hansa-flex.ch\/fr\/wp-json\/wp\/v2\/pages\/13113\/revisions"}],"up":[{"embeddable":true,"href":"https:\/\/hansa-flex.ch\/fr\/wp-json\/wp\/v2\/pages\/13105"}],"wp:featuredmedia":[{"embeddable":true,"href":"https:\/\/hansa-flex.ch\/fr\/wp-json\/wp\/v2\/media\/13117"}],"wp:attachment":[{"href":"https:\/\/hansa-flex.ch\/fr\/wp-json\/wp\/v2\/media?parent=13113"}],"curies":[{"name":"wp","href":"https:\/\/api.w.org\/{rel}","templated":true}]}}