{"id":13130,"date":"2024-03-20T17:57:53","date_gmt":"2024-03-20T16:57:53","guid":{"rendered":"https:\/\/hansa-flex.ch\/products\/drive-and-control-technology\/cylinders\/"},"modified":"2024-05-14T00:14:54","modified_gmt":"2024-05-13T22:14:54","slug":"cylindres-verins","status":"publish","type":"page","link":"https:\/\/hansa-flex.ch\/fr\/nos-produits\/technologie-dentrainement-et-de-commande\/cylindres-verins\/","title":{"rendered":"Cylindres V\u00e9rins"},"content":{"rendered":"\n<p>Les v\u00e9rins hydrauliques effectuent des t\u00e2ches extr\u00eamement lourdes. En tant qu&#8217;\u00e9l\u00e9ments d&#8217;entra\u00eenement les plus importants de l&#8217;hydraulique, ils convertissent l&#8217;\u00e9nergie de pression du fluide hydraulique en \u00e9nergie m\u00e9canique. Les v\u00e9rins peuvent transmettre des forces tr\u00e8s \u00e9lev\u00e9es tout en produisant des mouvements uniformes et pr\u00e9cis. HANSA-FLEX vend une large gamme de v\u00e9rins standard \u00e0 simple et double effet et fabrique des v\u00e9rins hydrauliques sur mesure jusqu&#8217;\u00e0 une hauteur de 8 000 mm.<\/p>\n","protected":false},"excerpt":{"rendered":"<p>Les v\u00e9rins hydrauliques effectuent des t\u00e2ches extr\u00eamement lourdes. En tant qu&#8217;\u00e9l\u00e9ments d&#8217;entra\u00eenement les plus importants de l&#8217;hydraulique, ils convertissent l&#8217;\u00e9nergie de pression du fluide hydraulique en \u00e9nergie m\u00e9canique. Les v\u00e9rins peuvent transmettre des forces tr\u00e8s \u00e9lev\u00e9es tout en produisant des mouvements uniformes et pr\u00e9cis. HANSA-FLEX vend une large gamme de v\u00e9rins standard \u00e0 simple et [&hellip;]<\/p>\n","protected":false},"author":3,"featured_media":13134,"parent":13105,"menu_order":0,"comment_status":"closed","ping_status":"closed","template":"","meta":{"_acf_changed":true,"footnotes":""},"class_list":["post-13130","page","type-page","status-publish","has-post-thumbnail","hentry"],"acf":[],"_links":{"self":[{"href":"https:\/\/hansa-flex.ch\/fr\/wp-json\/wp\/v2\/pages\/13130","targetHints":{"allow":["GET"]}}],"collection":[{"href":"https:\/\/hansa-flex.ch\/fr\/wp-json\/wp\/v2\/pages"}],"about":[{"href":"https:\/\/hansa-flex.ch\/fr\/wp-json\/wp\/v2\/types\/page"}],"author":[{"embeddable":true,"href":"https:\/\/hansa-flex.ch\/fr\/wp-json\/wp\/v2\/users\/3"}],"replies":[{"embeddable":true,"href":"https:\/\/hansa-flex.ch\/fr\/wp-json\/wp\/v2\/comments?post=13130"}],"version-history":[{"count":0,"href":"https:\/\/hansa-flex.ch\/fr\/wp-json\/wp\/v2\/pages\/13130\/revisions"}],"up":[{"embeddable":true,"href":"https:\/\/hansa-flex.ch\/fr\/wp-json\/wp\/v2\/pages\/13105"}],"wp:featuredmedia":[{"embeddable":true,"href":"https:\/\/hansa-flex.ch\/fr\/wp-json\/wp\/v2\/media\/13134"}],"wp:attachment":[{"href":"https:\/\/hansa-flex.ch\/fr\/wp-json\/wp\/v2\/media?parent=13130"}],"curies":[{"name":"wp","href":"https:\/\/api.w.org\/{rel}","templated":true}]}}